{"id":290,"date":"2025-02-23T11:50:32","date_gmt":"2025-02-23T11:50:32","guid":{"rendered":"https:\/\/www.rusfornuft.no\/?page_id=290"},"modified":"2025-02-23T11:50:33","modified_gmt":"2025-02-23T11:50:33","slug":"et-forbud-gir-muligheter-for-a-tilby-hjelp-tidlig","status":"publish","type":"page","link":"https:\/\/www.rusfornuft.no\/?page_id=290","title":{"rendered":"Et forbud gir muligheter for \u00e5 tilby hjelp tidlig"},"content":{"rendered":"\t<div class=\"wp-block-dekode-page-title\">\n\t\t<div class=\"dekode-page-title__container\">\n\t\t\t\n<div class=\"yoast-breadcrumbs\"><span><span><a href=\"https:\/\/www.rusfornuft.no\/\">Hjem<\/a><\/span> <span class=\"breadcrumb-separator\"><svg xmlns=\"http:\/\/www.w3.org\/2000\/svg\" viewBox=\"0 0 24 24\" height=\"24\" width=\"24\" class=\"t2-icon t2-icon-chevrondown\" aria-hidden=\"true\" focusable=\"false\"><path d=\"M6.9 9.259a1.438 1.438 0 0 1-.147.037c-.139.031-.339.201-.421.359-.084.161-.084.528-.001.685.035.066 1.239 1.293 2.676 2.728 1.882 1.877 2.647 2.616 2.733 2.638.066.016.183.03.26.03.077 0 .194-.014.26-.03.086-.022.851-.761 2.733-2.638 1.437-1.435 2.641-2.662 2.676-2.728.082-.154.083-.524.001-.68a.847.847 0 0 0-.345-.339c-.112-.058-.414-.072-.585-.027-.085.022-.786.696-2.43 2.338L12 13.939l-2.29-2.285c-1.26-1.257-2.326-2.303-2.37-2.325-.092-.045-.38-.091-.44-.07\"\/><\/svg><\/span> <span class=\"breadcrumb_last\" aria-current=\"page\">Et forbud gir muligheter for \u00e5 tilby hjelp tidlig<\/span><\/span><\/div>\n\n<h1 class=\"wp-block-post-title\">Et forbud gir muligheter for \u00e5 tilby hjelp tidlig<\/h1>\n\n<p class=\"t2-ingress wp-block-t2-ingress\">Ungdommer som utvikler rusproblemer, m\u00e5 f\u00e5 god og forpliktende oppf\u00f8lging. Det er et m\u00e5l i seg selv \u00e5 holde b\u00e5de rusavhengige og ungdom borte fra strafferegistrene. Men det er nok av eksempler p\u00e5 folk som har hatt en grei A4-oppvekst og som likevel utvikler rusproblemer. N\u00e5r narkotika blir mer tilgjengelig og mer akseptert, \u00f8ker bruken \u2013 og da \u00f8ker skadene og problemene. Vi trenger en forebyggende politikk som tar hensyn til dette.\u202f\u202f\u00a0<\/p>\n\t\t<\/div>\n\t<\/div>\n\t\n\n\n<p>Til tross for at statistikk viser <a href=\"https:\/\/www.fhi.no\/nyheter\/2024\/nye-tall-for-narkotikabruk\/\" target=\"_blank\" rel=\"noreferrer noopener\">\u00f8kning i bruk av cannabis og kokain blant ungdom,<\/a> sendes f\u00e6rre saker til oppf\u00f8lging i kommuner og helsetjenester. Hjelpen og ressursene finnes, men ungdommene blir ikke fanget og fulgt opp p\u00e5 samme m\u00e5te som tidligere. Dette er en direkte konsekvens av at politiet har mistet virkemidler og tilgang til \u00e5 avdekke bruk og henvise ungdom til oppf\u00f8lging. Er det slik vi vil ha det? \u202f\u00a0<\/p>\n\n\n\n<h2 class=\"wp-block-heading\" id=\"stopp-normalisering-av-narkotika-ja-til-en-fornuftig-ruspolitikk\"><a href=\"https:\/\/www.rusfornuft.no\/kitchen-sink\/\">Stopp normalisering av narkotika. Ja til en fornuftig ruspolitikk. <\/a><\/h2>\n\n\n\n<p><\/p>\n","protected":false},"excerpt":{"rendered":"<p>Til tross for at statistikk viser \u00f8kning i bruk av cannabis og kokain blant ungdom, sendes f\u00e6rre saker til oppf\u00f8lging i kommuner og helsetjenester. Hjelpen og ressursene finnes, men ungdommene blir ikke fanget og fulgt opp p\u00e5 samme m\u00e5te som tidligere. Dette er en direkte konsekvens av at politiet har mistet virkemidler og tilgang til [&hellip;]<\/p>\n","protected":false},"author":2,"featured_media":0,"parent":0,"menu_order":0,"comment_status":"closed","ping_status":"closed","template":"","meta":{"footnotes":""},"class_list":["post-290","page","type-page","status-publish","hentry"],"yoast_head":"<!-- This site is optimized with the Yoast SEO plugin v23.9 - https:\/\/yoast.com\/wordpress\/plugins\/seo\/ -->\n<title>Et forbud gir muligheter for \u00e5 tilby hjelp tidlig - Rusfornuft.no<\/title>\n<meta name=\"robots\" content=\"index, follow, max-snippet:-1, max-image-preview:large, max-video-preview:-1\" \/>\n<link rel=\"canonical\" href=\"https:\/\/www.rusfornuft.no\/?page_id=290\" \/>\n<meta property=\"og:locale\" content=\"nb_NO\" \/>\n<meta property=\"og:type\" content=\"article\" \/>\n<meta property=\"og:title\" content=\"Et forbud gir muligheter for \u00e5 tilby hjelp tidlig - Rusfornuft.no\" \/>\n<meta property=\"og:description\" content=\"Til tross for at statistikk viser \u00f8kning i bruk av cannabis og kokain blant ungdom, sendes f\u00e6rre saker til oppf\u00f8lging i kommuner og helsetjenester. Hjelpen og ressursene finnes, men ungdommene blir ikke fanget og fulgt opp p\u00e5 samme m\u00e5te som tidligere. Dette er en direkte konsekvens av at politiet har mistet virkemidler og tilgang til [&hellip;]\" \/>\n<meta property=\"og:url\" content=\"https:\/\/www.rusfornuft.no\/?page_id=290\" \/>\n<meta property=\"og:site_name\" content=\"Rusfornuft.no\" \/>\n<meta property=\"article:modified_time\" content=\"2025-02-23T11:50:33+00:00\" \/>\n<meta name=\"twitter:card\" content=\"summary_large_image\" \/>\n<meta name=\"twitter:label1\" content=\"Ansl. lesetid\" \/>\n\t<meta name=\"twitter:data1\" content=\"1 minutt\" \/>\n<script type=\"application\/ld+json\" class=\"yoast-schema-graph\">{\"@context\":\"https:\/\/schema.org\",\"@graph\":[{\"@type\":\"WebPage\",\"@id\":\"https:\/\/www.rusfornuft.no\/?page_id=290\",\"url\":\"https:\/\/www.rusfornuft.no\/?page_id=290\",\"name\":\"Et forbud gir muligheter for \u00e5 tilby hjelp tidlig - Rusfornuft.no\",\"isPartOf\":{\"@id\":\"https:\/\/www.rusfornuft.no\/#website\"},\"datePublished\":\"2025-02-23T11:50:32+00:00\",\"dateModified\":\"2025-02-23T11:50:33+00:00\",\"breadcrumb\":{\"@id\":\"https:\/\/www.rusfornuft.no\/?page_id=290#breadcrumb\"},\"inLanguage\":\"nb-NO\",\"potentialAction\":[{\"@type\":\"ReadAction\",\"target\":[\"https:\/\/www.rusfornuft.no\/?page_id=290\"]}]},{\"@type\":\"BreadcrumbList\",\"@id\":\"https:\/\/www.rusfornuft.no\/?page_id=290#breadcrumb\",\"itemListElement\":[{\"@type\":\"ListItem\",\"position\":1,\"name\":\"Hjem\",\"item\":\"https:\/\/www.rusfornuft.no\/\"},{\"@type\":\"ListItem\",\"position\":2,\"name\":\"Et forbud gir muligheter for \u00e5 tilby hjelp tidlig\"}]},{\"@type\":\"WebSite\",\"@id\":\"https:\/\/www.rusfornuft.no\/#website\",\"url\":\"https:\/\/www.rusfornuft.no\/\",\"name\":\"Rusfornuft.no\",\"description\":\"Vi trenger en ruspolitikk som forebygger og beskytter \u2013 ikke normaliserer. Signer oppropet p\u00e5 rusfornuft.no og bli med i mobiliseringen mot normalisering av narkotika.\",\"potentialAction\":[{\"@type\":\"SearchAction\",\"target\":{\"@type\":\"EntryPoint\",\"urlTemplate\":\"https:\/\/www.rusfornuft.no\/?s={search_term_string}\"},\"query-input\":{\"@type\":\"PropertyValueSpecification\",\"valueRequired\":true,\"valueName\":\"search_term_string\"}}],\"inLanguage\":\"nb-NO\"}]}<\/script>\n<!-- \/ Yoast SEO plugin. -->","yoast_head_json":{"title":"Et forbud gir muligheter for \u00e5 tilby hjelp tidlig - Rusfornuft.no","robots":{"index":"index","follow":"follow","max-snippet":"max-snippet:-1","max-image-preview":"max-image-preview:large","max-video-preview":"max-video-preview:-1"},"canonical":"https:\/\/www.rusfornuft.no\/?page_id=290","og_locale":"nb_NO","og_type":"article","og_title":"Et forbud gir muligheter for \u00e5 tilby hjelp tidlig - Rusfornuft.no","og_description":"Til tross for at statistikk viser \u00f8kning i bruk av cannabis og kokain blant ungdom, sendes f\u00e6rre saker til oppf\u00f8lging i kommuner og helsetjenester. Hjelpen og ressursene finnes, men ungdommene blir ikke fanget og fulgt opp p\u00e5 samme m\u00e5te som tidligere. Dette er en direkte konsekvens av at politiet har mistet virkemidler og tilgang til [&hellip;]","og_url":"https:\/\/www.rusfornuft.no\/?page_id=290","og_site_name":"Rusfornuft.no","article_modified_time":"2025-02-23T11:50:33+00:00","twitter_card":"summary_large_image","twitter_misc":{"Ansl. lesetid":"1 minutt"},"schema":{"@context":"https:\/\/schema.org","@graph":[{"@type":"WebPage","@id":"https:\/\/www.rusfornuft.no\/?page_id=290","url":"https:\/\/www.rusfornuft.no\/?page_id=290","name":"Et forbud gir muligheter for \u00e5 tilby hjelp tidlig - Rusfornuft.no","isPartOf":{"@id":"https:\/\/www.rusfornuft.no\/#website"},"datePublished":"2025-02-23T11:50:32+00:00","dateModified":"2025-02-23T11:50:33+00:00","breadcrumb":{"@id":"https:\/\/www.rusfornuft.no\/?page_id=290#breadcrumb"},"inLanguage":"nb-NO","potentialAction":[{"@type":"ReadAction","target":["https:\/\/www.rusfornuft.no\/?page_id=290"]}]},{"@type":"BreadcrumbList","@id":"https:\/\/www.rusfornuft.no\/?page_id=290#breadcrumb","itemListElement":[{"@type":"ListItem","position":1,"name":"Hjem","item":"https:\/\/www.rusfornuft.no\/"},{"@type":"ListItem","position":2,"name":"Et forbud gir muligheter for \u00e5 tilby hjelp tidlig"}]},{"@type":"WebSite","@id":"https:\/\/www.rusfornuft.no\/#website","url":"https:\/\/www.rusfornuft.no\/","name":"Rusfornuft.no","description":"Vi trenger en ruspolitikk som forebygger og beskytter \u2013 ikke normaliserer. Signer oppropet p\u00e5 rusfornuft.no og bli med i mobiliseringen mot normalisering av narkotika.","potentialAction":[{"@type":"SearchAction","target":{"@type":"EntryPoint","urlTemplate":"https:\/\/www.rusfornuft.no\/?s={search_term_string}"},"query-input":{"@type":"PropertyValueSpecification","valueRequired":true,"valueName":"search_term_string"}}],"inLanguage":"nb-NO"}]}},"_links":{"self":[{"href":"https:\/\/www.rusfornuft.no\/index.php?rest_route=\/wp\/v2\/pages\/290","targetHints":{"allow":["GET"]}}],"collection":[{"href":"https:\/\/www.rusfornuft.no\/index.php?rest_route=\/wp\/v2\/pages"}],"about":[{"href":"https:\/\/www.rusfornuft.no\/index.php?rest_route=\/wp\/v2\/types\/page"}],"author":[{"embeddable":true,"href":"https:\/\/www.rusfornuft.no\/index.php?rest_route=\/wp\/v2\/users\/2"}],"replies":[{"embeddable":true,"href":"https:\/\/www.rusfornuft.no\/index.php?rest_route=%2Fwp%2Fv2%2Fcomments&post=290"}],"version-history":[{"count":1,"href":"https:\/\/www.rusfornuft.no\/index.php?rest_route=\/wp\/v2\/pages\/290\/revisions"}],"predecessor-version":[{"id":291,"href":"https:\/\/www.rusfornuft.no\/index.php?rest_route=\/wp\/v2\/pages\/290\/revisions\/291"}],"wp:attachment":[{"href":"https:\/\/www.rusfornuft.no\/index.php?rest_route=%2Fwp%2Fv2%2Fmedia&parent=290"}],"curies":[{"name":"wp","href":"https:\/\/api.w.org\/{rel}","templated":true}]}}