{"id":322,"date":"2025-02-24T10:05:47","date_gmt":"2025-02-24T10:05:47","guid":{"rendered":"https:\/\/www.rusfornuft.no\/?page_id=322"},"modified":"2025-04-29T12:45:39","modified_gmt":"2025-04-29T12:45:39","slug":"bekymret-for-noen","status":"publish","type":"page","link":"https:\/\/www.rusfornuft.no\/?page_id=322","title":{"rendered":"Bekymret for noen?"},"content":{"rendered":"\t<div class=\"wp-block-dekode-page-title\">\n\t\t<div class=\"dekode-page-title__container\">\n\t\t\t\n<div class=\"yoast-breadcrumbs\"><span><span><a href=\"https:\/\/www.rusfornuft.no\/\">Hjem<\/a><\/span> <span class=\"breadcrumb-separator\"><svg xmlns=\"http:\/\/www.w3.org\/2000\/svg\" viewBox=\"0 0 24 24\" height=\"24\" width=\"24\" class=\"t2-icon t2-icon-chevrondown\" aria-hidden=\"true\" focusable=\"false\"><path d=\"M6.9 9.259a1.438 1.438 0 0 1-.147.037c-.139.031-.339.201-.421.359-.084.161-.084.528-.001.685.035.066 1.239 1.293 2.676 2.728 1.882 1.877 2.647 2.616 2.733 2.638.066.016.183.03.26.03.077 0 .194-.014.26-.03.086-.022.851-.761 2.733-2.638 1.437-1.435 2.641-2.662 2.676-2.728.082-.154.083-.524.001-.68a.847.847 0 0 0-.345-.339c-.112-.058-.414-.072-.585-.027-.085.022-.786.696-2.43 2.338L12 13.939l-2.29-2.285c-1.26-1.257-2.326-2.303-2.37-2.325-.092-.045-.38-.091-.44-.07\"\/><\/svg><\/span> <span class=\"breadcrumb_last\" aria-current=\"page\">Bekymret for noen?<\/span><\/span><\/div>\n\n<h1 class=\"wp-block-post-title\">Bekymret for noen?<\/h1>\n\n<p class=\"t2-ingress wp-block-t2-ingress\">Kjenner du p\u00e5 uro for et barn, en kj\u00e6reste, en venn eller et familiemedlem som bruker illegale rusmidler? Kanskje du har sp\u00f8rsm\u00e5l om en konkret situasjon, trenger oppdatert fakta om rusmidler, eller bare noen \u00e5 snakke med? Du er ikke alene og det er flere steder \u00e5 f\u00e5 hjelp og st\u00f8tte.<\/p>\n\t\t<\/div>\n\t<\/div>\n\t\n\n\n<figure class=\"wp-block-image size-large\"><img loading=\"lazy\" decoding=\"async\" width=\"1024\" height=\"683\" src=\"https:\/\/www.rusfornuft.no\/content\/uploads\/2025\/04\/pexels-dtanpt-773124-1024x683.jpg\" alt=\"Et ungt par holder hverandre i hendene. Vi ser kun kroppene dere, ikke ansiktene.\" class=\"wp-image-809\" srcset=\"https:\/\/www.rusfornuft.no\/content\/uploads\/2025\/04\/pexels-dtanpt-773124-1024x683.jpg 1024w, https:\/\/www.rusfornuft.no\/content\/uploads\/2025\/04\/pexels-dtanpt-773124-300x200.jpg 300w, https:\/\/www.rusfornuft.no\/content\/uploads\/2025\/04\/pexels-dtanpt-773124-768x512.jpg 768w, https:\/\/www.rusfornuft.no\/content\/uploads\/2025\/04\/pexels-dtanpt-773124-1536x1024.jpg 1536w, https:\/\/www.rusfornuft.no\/content\/uploads\/2025\/04\/pexels-dtanpt-773124-2048x1365.jpg 2048w\" sizes=\"auto, (max-width: 1024px) 100vw, 1024px\" \/><\/figure>\n\n\n\n<p>Et godt sted \u00e5 starte er \u00e5 ringe<a href=\"https:\/\/rusinfo.no\/om-rustelefonen\/\"> Rusinfo.<\/a> Her m\u00f8ter du erfarne folk som kan svare p\u00e5 b\u00e5de sm\u00e5 og store sp\u00f8rsm\u00e5l, De gir faktainformasjon om rus og rusmidler og hjelper med \u00e5 finne frem til ulike hjelpetilbud. I tillegg gir de individuell veiledning.og gi deg informasjon om hvor du kan f\u00e5 hjelp der du bor.&nbsp;<\/p>\n\n\n\n<p>Det finnes ogs\u00e5 <strong>p<\/strong>\u00e5r\u00f8rendegrupper som gir st\u00f8tte og deler erfaringer, for eksempel <a href=\"https:\/\/www.ivareta.no\/?gad_source=1&amp;gclid=CjwKCAiAzvC9BhADEiwAEhtlN8SZcpCPsyHBHL059CEnCjybhYIZCSWl32PbXKv4fN1delSgXLnFFRoCjl8QAvD_BwE\">Ivareta<\/a>, <a href=\"https:\/\/jdn.no\/\">Ja det nytter<\/a>, <a href=\"https:\/\/www.usynligetigre.no\/\">Usynlige tigre<\/a> og <a href=\"https:\/\/www.barnavrus.no\/\">BAR.<\/a>&nbsp;<\/p>\n\n\n\n<p>Du kan ogs\u00e5 kontakte ditt lokale politi. De har bred erfaring med rusrelaterte problemstillinger og jobber tett med blant annet kommuner, skoler og barnevern. Ring 02800 eller finn ditt lokale politi via&nbsp;<a href=\"https:\/\/www.politiet.no\/\">politiet.no.&nbsp;<\/a><\/p>\n\n\n\n<p>Ved akutt behov for helsehjelp, ring 113.&nbsp;<\/p>\n","protected":false},"excerpt":{"rendered":"<p>Et godt sted \u00e5 starte er \u00e5 ringe Rusinfo. Her m\u00f8ter du erfarne folk som kan svare p\u00e5 b\u00e5de sm\u00e5 og store sp\u00f8rsm\u00e5l, De gir faktainformasjon om rus og rusmidler og hjelper med \u00e5 finne frem til ulike hjelpetilbud. I tillegg gir de individuell veiledning.og gi deg informasjon om hvor du kan f\u00e5 hjelp der [&hellip;]<\/p>\n","protected":false},"author":2,"featured_media":0,"parent":0,"menu_order":0,"comment_status":"closed","ping_status":"closed","template":"","meta":{"footnotes":""},"class_list":["post-322","page","type-page","status-publish","hentry"],"yoast_head":"<!-- This site is optimized with the Yoast SEO plugin v23.9 - https:\/\/yoast.com\/wordpress\/plugins\/seo\/ -->\n<title>Bekymret for noen? - Rusfornuft.no<\/title>\n<meta name=\"robots\" content=\"index, follow, max-snippet:-1, max-image-preview:large, max-video-preview:-1\" \/>\n<link rel=\"canonical\" href=\"https:\/\/www.rusfornuft.no\/?page_id=322\" \/>\n<meta property=\"og:locale\" content=\"nb_NO\" \/>\n<meta property=\"og:type\" content=\"article\" \/>\n<meta property=\"og:title\" content=\"Bekymret for noen? - Rusfornuft.no\" \/>\n<meta property=\"og:description\" content=\"Et godt sted \u00e5 starte er \u00e5 ringe Rusinfo. Her m\u00f8ter du erfarne folk som kan svare p\u00e5 b\u00e5de sm\u00e5 og store sp\u00f8rsm\u00e5l, De gir faktainformasjon om rus og rusmidler og hjelper med \u00e5 finne frem til ulike hjelpetilbud. I tillegg gir de individuell veiledning.og gi deg informasjon om hvor du kan f\u00e5 hjelp der [&hellip;]\" \/>\n<meta property=\"og:url\" content=\"https:\/\/www.rusfornuft.no\/?page_id=322\" \/>\n<meta property=\"og:site_name\" content=\"Rusfornuft.no\" \/>\n<meta property=\"article:modified_time\" content=\"2025-04-29T12:45:39+00:00\" \/>\n<meta property=\"og:image\" content=\"https:\/\/www.rusfornuft.no\/content\/uploads\/2025\/04\/pexels-dtanpt-773124-1024x683.jpg\" \/>\n<meta name=\"twitter:card\" content=\"summary_large_image\" \/>\n<meta name=\"twitter:label1\" content=\"Ansl. lesetid\" \/>\n\t<meta name=\"twitter:data1\" content=\"1 minutt\" \/>\n<script type=\"application\/ld+json\" class=\"yoast-schema-graph\">{\"@context\":\"https:\/\/schema.org\",\"@graph\":[{\"@type\":\"WebPage\",\"@id\":\"https:\/\/www.rusfornuft.no\/?page_id=322\",\"url\":\"https:\/\/www.rusfornuft.no\/?page_id=322\",\"name\":\"Bekymret for noen? - Rusfornuft.no\",\"isPartOf\":{\"@id\":\"https:\/\/www.rusfornuft.no\/#website\"},\"primaryImageOfPage\":{\"@id\":\"https:\/\/www.rusfornuft.no\/?page_id=322#primaryimage\"},\"image\":{\"@id\":\"https:\/\/www.rusfornuft.no\/?page_id=322#primaryimage\"},\"thumbnailUrl\":\"https:\/\/www.rusfornuft.no\/content\/uploads\/2025\/04\/pexels-dtanpt-773124-1024x683.jpg\",\"datePublished\":\"2025-02-24T10:05:47+00:00\",\"dateModified\":\"2025-04-29T12:45:39+00:00\",\"breadcrumb\":{\"@id\":\"https:\/\/www.rusfornuft.no\/?page_id=322#breadcrumb\"},\"inLanguage\":\"nb-NO\",\"potentialAction\":[{\"@type\":\"ReadAction\",\"target\":[\"https:\/\/www.rusfornuft.no\/?page_id=322\"]}]},{\"@type\":\"ImageObject\",\"inLanguage\":\"nb-NO\",\"@id\":\"https:\/\/www.rusfornuft.no\/?page_id=322#primaryimage\",\"url\":\"https:\/\/www.rusfornuft.no\/content\/uploads\/2025\/04\/pexels-dtanpt-773124-scaled.jpg\",\"contentUrl\":\"https:\/\/www.rusfornuft.no\/content\/uploads\/2025\/04\/pexels-dtanpt-773124-scaled.jpg\",\"width\":2560,\"height\":1707,\"caption\":\"Et ungt par holder hverandre i hendene. Vi ser kun kroppene dere, ikke ansiktene.\"},{\"@type\":\"BreadcrumbList\",\"@id\":\"https:\/\/www.rusfornuft.no\/?page_id=322#breadcrumb\",\"itemListElement\":[{\"@type\":\"ListItem\",\"position\":1,\"name\":\"Hjem\",\"item\":\"https:\/\/www.rusfornuft.no\/\"},{\"@type\":\"ListItem\",\"position\":2,\"name\":\"Bekymret for noen?\"}]},{\"@type\":\"WebSite\",\"@id\":\"https:\/\/www.rusfornuft.no\/#website\",\"url\":\"https:\/\/www.rusfornuft.no\/\",\"name\":\"Rusfornuft.no\",\"description\":\"Vi trenger en ruspolitikk som forebygger og beskytter \u2013 ikke normaliserer. Signer oppropet p\u00e5 rusfornuft.no og bli med i mobiliseringen mot normalisering av narkotika.\",\"potentialAction\":[{\"@type\":\"SearchAction\",\"target\":{\"@type\":\"EntryPoint\",\"urlTemplate\":\"https:\/\/www.rusfornuft.no\/?s={search_term_string}\"},\"query-input\":{\"@type\":\"PropertyValueSpecification\",\"valueRequired\":true,\"valueName\":\"search_term_string\"}}],\"inLanguage\":\"nb-NO\"}]}<\/script>\n<!-- \/ Yoast SEO plugin. -->","yoast_head_json":{"title":"Bekymret for noen? - Rusfornuft.no","robots":{"index":"index","follow":"follow","max-snippet":"max-snippet:-1","max-image-preview":"max-image-preview:large","max-video-preview":"max-video-preview:-1"},"canonical":"https:\/\/www.rusfornuft.no\/?page_id=322","og_locale":"nb_NO","og_type":"article","og_title":"Bekymret for noen? - Rusfornuft.no","og_description":"Et godt sted \u00e5 starte er \u00e5 ringe Rusinfo. Her m\u00f8ter du erfarne folk som kan svare p\u00e5 b\u00e5de sm\u00e5 og store sp\u00f8rsm\u00e5l, De gir faktainformasjon om rus og rusmidler og hjelper med \u00e5 finne frem til ulike hjelpetilbud. I tillegg gir de individuell veiledning.og gi deg informasjon om hvor du kan f\u00e5 hjelp der [&hellip;]","og_url":"https:\/\/www.rusfornuft.no\/?page_id=322","og_site_name":"Rusfornuft.no","article_modified_time":"2025-04-29T12:45:39+00:00","og_image":[{"url":"https:\/\/www.rusfornuft.no\/content\/uploads\/2025\/04\/pexels-dtanpt-773124-1024x683.jpg"}],"twitter_card":"summary_large_image","twitter_misc":{"Ansl. lesetid":"1 minutt"},"schema":{"@context":"https:\/\/schema.org","@graph":[{"@type":"WebPage","@id":"https:\/\/www.rusfornuft.no\/?page_id=322","url":"https:\/\/www.rusfornuft.no\/?page_id=322","name":"Bekymret for noen? - Rusfornuft.no","isPartOf":{"@id":"https:\/\/www.rusfornuft.no\/#website"},"primaryImageOfPage":{"@id":"https:\/\/www.rusfornuft.no\/?page_id=322#primaryimage"},"image":{"@id":"https:\/\/www.rusfornuft.no\/?page_id=322#primaryimage"},"thumbnailUrl":"https:\/\/www.rusfornuft.no\/content\/uploads\/2025\/04\/pexels-dtanpt-773124-1024x683.jpg","datePublished":"2025-02-24T10:05:47+00:00","dateModified":"2025-04-29T12:45:39+00:00","breadcrumb":{"@id":"https:\/\/www.rusfornuft.no\/?page_id=322#breadcrumb"},"inLanguage":"nb-NO","potentialAction":[{"@type":"ReadAction","target":["https:\/\/www.rusfornuft.no\/?page_id=322"]}]},{"@type":"ImageObject","inLanguage":"nb-NO","@id":"https:\/\/www.rusfornuft.no\/?page_id=322#primaryimage","url":"https:\/\/www.rusfornuft.no\/content\/uploads\/2025\/04\/pexels-dtanpt-773124-scaled.jpg","contentUrl":"https:\/\/www.rusfornuft.no\/content\/uploads\/2025\/04\/pexels-dtanpt-773124-scaled.jpg","width":2560,"height":1707,"caption":"Et ungt par holder hverandre i hendene. Vi ser kun kroppene dere, ikke ansiktene."},{"@type":"BreadcrumbList","@id":"https:\/\/www.rusfornuft.no\/?page_id=322#breadcrumb","itemListElement":[{"@type":"ListItem","position":1,"name":"Hjem","item":"https:\/\/www.rusfornuft.no\/"},{"@type":"ListItem","position":2,"name":"Bekymret for noen?"}]},{"@type":"WebSite","@id":"https:\/\/www.rusfornuft.no\/#website","url":"https:\/\/www.rusfornuft.no\/","name":"Rusfornuft.no","description":"Vi trenger en ruspolitikk som forebygger og beskytter \u2013 ikke normaliserer. Signer oppropet p\u00e5 rusfornuft.no og bli med i mobiliseringen mot normalisering av narkotika.","potentialAction":[{"@type":"SearchAction","target":{"@type":"EntryPoint","urlTemplate":"https:\/\/www.rusfornuft.no\/?s={search_term_string}"},"query-input":{"@type":"PropertyValueSpecification","valueRequired":true,"valueName":"search_term_string"}}],"inLanguage":"nb-NO"}]}},"_links":{"self":[{"href":"https:\/\/www.rusfornuft.no\/index.php?rest_route=\/wp\/v2\/pages\/322","targetHints":{"allow":["GET"]}}],"collection":[{"href":"https:\/\/www.rusfornuft.no\/index.php?rest_route=\/wp\/v2\/pages"}],"about":[{"href":"https:\/\/www.rusfornuft.no\/index.php?rest_route=\/wp\/v2\/types\/page"}],"author":[{"embeddable":true,"href":"https:\/\/www.rusfornuft.no\/index.php?rest_route=\/wp\/v2\/users\/2"}],"replies":[{"embeddable":true,"href":"https:\/\/www.rusfornuft.no\/index.php?rest_route=%2Fwp%2Fv2%2Fcomments&post=322"}],"version-history":[{"count":5,"href":"https:\/\/www.rusfornuft.no\/index.php?rest_route=\/wp\/v2\/pages\/322\/revisions"}],"predecessor-version":[{"id":810,"href":"https:\/\/www.rusfornuft.no\/index.php?rest_route=\/wp\/v2\/pages\/322\/revisions\/810"}],"wp:attachment":[{"href":"https:\/\/www.rusfornuft.no\/index.php?rest_route=%2Fwp%2Fv2%2Fmedia&parent=322"}],"curies":[{"name":"wp","href":"https:\/\/api.w.org\/{rel}","templated":true}]}}