{"id":434,"date":"2025-03-03T12:27:24","date_gmt":"2025-03-03T12:27:24","guid":{"rendered":"https:\/\/www.rusfornuft.no\/?page_id=434"},"modified":"2025-04-30T16:08:38","modified_gmt":"2025-04-30T16:08:38","slug":"derfor-er-et-forbud-mot-narkotika-viktig","status":"publish","type":"page","link":"https:\/\/www.rusfornuft.no\/?page_id=434","title":{"rendered":"Et forbud gj\u00f8r det lettere for unge \u00e5 si nei"},"content":{"rendered":"\t<div class=\"wp-block-dekode-page-title\">\n\t\t<div class=\"dekode-page-title__container\">\n\t\t\t\n<div class=\"yoast-breadcrumbs\"><span><span><a href=\"https:\/\/www.rusfornuft.no\/\">Hjem<\/a><\/span> <span class=\"breadcrumb-separator\"><svg xmlns=\"http:\/\/www.w3.org\/2000\/svg\" viewBox=\"0 0 24 24\" height=\"24\" width=\"24\" class=\"t2-icon t2-icon-chevrondown\" aria-hidden=\"true\" focusable=\"false\"><path d=\"M6.9 9.259a1.438 1.438 0 0 1-.147.037c-.139.031-.339.201-.421.359-.084.161-.084.528-.001.685.035.066 1.239 1.293 2.676 2.728 1.882 1.877 2.647 2.616 2.733 2.638.066.016.183.03.26.03.077 0 .194-.014.26-.03.086-.022.851-.761 2.733-2.638 1.437-1.435 2.641-2.662 2.676-2.728.082-.154.083-.524.001-.68a.847.847 0 0 0-.345-.339c-.112-.058-.414-.072-.585-.027-.085.022-.786.696-2.43 2.338L12 13.939l-2.29-2.285c-1.26-1.257-2.326-2.303-2.37-2.325-.092-.045-.38-.091-.44-.07\"\/><\/svg><\/span> <span class=\"breadcrumb_last\" aria-current=\"page\">Et forbud gj\u00f8r det lettere for unge \u00e5 si nei<\/span><\/span><\/div>\n\n<h1 class=\"wp-block-post-title\">Et forbud gj\u00f8r det lettere for unge \u00e5 si nei<\/h1>\n\n<p class=\"t2-ingress wp-block-t2-ingress\">Dagens lovverk er tydelig: Narkotika er ulovlig fordi det er helseskadelig.\u00a0\u00a0<\/p>\n\t\t<\/div>\n\t<\/div>\n\t\n\n\n<figure class=\"wp-block-image size-large\"><img loading=\"lazy\" decoding=\"async\" width=\"1024\" height=\"683\" src=\"https:\/\/www.rusfornuft.no\/content\/uploads\/2025\/04\/iStock-1432862718-1024x683.jpg\" alt=\"En gruppe ulike universitetsstudenter g\u00e5r p\u00e5 campus. En mannlig student snur seg og ser mot kameraet over skulderen og smiler.\" class=\"wp-image-804\" srcset=\"https:\/\/www.rusfornuft.no\/content\/uploads\/2025\/04\/iStock-1432862718-1024x683.jpg 1024w, https:\/\/www.rusfornuft.no\/content\/uploads\/2025\/04\/iStock-1432862718-300x200.jpg 300w, https:\/\/www.rusfornuft.no\/content\/uploads\/2025\/04\/iStock-1432862718-768x512.jpg 768w, https:\/\/www.rusfornuft.no\/content\/uploads\/2025\/04\/iStock-1432862718.jpg 1253w\" sizes=\"auto, (max-width: 1024px) 100vw, 1024px\" \/><\/figure>\n\n\n\n<p>Form\u00e5let med forbud er \u00e5 forebygge \u2013 ikke straffe. M\u00e5let er ikke \u00e5 gi b\u00f8ter eller \u00f8delegge noens fremtid, men \u00e5 hindre at folk begynner med rusmidler i utgangspunktet.\u202f&nbsp;<\/p>\n\n\n\n<p>Vi vet at forbud fungerer. Mange unge dropper \u00e5 teste narkotika nettopp fordi de vet at det kan f\u00e5 konsekvenser, for eksempel for jobbmuligheter eller reiser til enkelte land. <\/p>\n\n\n\n<p>I <a href=\"https:\/\/www.fhi.no\/globalassets\/faktabokser\/cann2021-en-studie-om-cannabiserfaringer.pdf\">Folkehelseinstituttets unders\u00f8kelse Cann2021,<\/a> oppgir 64 prosent av VGS-elevene \u201cJeg vil ikke gj\u00f8re noe ulovlig\u201d som grunn til at de ikke har brukt cannabis. &nbsp;Et forbud gir ogs\u00e5 ungdom en \u201clegitim grunn\u201d til \u00e5 si nei n\u00e5r presset kommer. Det er ikke alltid lett \u00e5 v\u00e6re den som st\u00e5r imot, men tydelige grenser fra samfunnet hjelper.\u202f&nbsp;<\/p>\n\n\n\n<p>N\u00e5r noe ikke lenger er forbudt, oppfattes som normalt og ofte som mindre farlig \u2013 da er det flere som pr\u00f8ver. Derfor er det viktig \u00e5 beholde forbudet mot narkotika. Det holder bruken nede og reduserer skadene.\u202f&nbsp;<\/p>\n\n\n\n<p>Samtidig betyr ikke forbud at vi skal m\u00f8te rusproblemer med pekefinger og reaksjoner alene. Tvert imot. Et tydelig regelverk gj\u00f8r det ogs\u00e5 lettere \u00e5 kombinere forebygging med hjelp og oppf\u00f8lging for dem som trenger det.\u202f&nbsp;<\/p>\n\n\n\n<p>Tydelige rammer gir trygghet. Et forbud hjelper mange unge med \u00e5 ta gode valg.\u202f&nbsp;<\/p>\n\n\n\n<h2 class=\"wp-block-heading\" id=\"et-forbud-motvirker-normalisering-av-narkotikabruk\">Et forbud motvirker normalisering av narkotikabruk<\/h2>\n\n\n\n<p>De fleste bruker ikke narkotika. Likevel \u2013 andelen som bruker kokain, er mer enn doblet siden 2020, og cannabisbruken har \u00f8kt, s\u00e6rlig blant unge menn. Dette viser\u202f<a href=\"https:\/\/www.fhi.no\/nyheter\/2024\/nye-tall-for-narkotikabruk\/\" target=\"_blank\" rel=\"noreferrer noopener\">tall fra Folkehelseinstituttet.<\/a>\u202f\u202fNorge er n\u00e5 p\u00e5 tredjeplass i Europa n\u00e5r det gjelder kokainbruk blant unge, if\u00f8lge den siste rapporten fra EUs narkotikabyr\u00e5 EMCDDA.&nbsp;<\/p>\n\n\n\n<p>Vi ser det er en normalisering av narkotikabruk i enkelte milj\u00f8er. N\u00e5r noe normaliseres, blir det gradvis sett p\u00e5 som normalt eller akseptabelt. Det som tidligere har blitt sett p\u00e5 som uvanlig, tabu eller noe negativt, oppfattes ikke lengre som noe spesielt eller kontroversielt. \u202f\u202f&nbsp;<\/p>\n\n\n\n<p>I en\u202f<a href=\"https:\/\/www.blakors.no\/content\/uploads\/sites\/22\/2024\/04\/Rapport_Unge-og-cannabis-1.pdf\" target=\"_blank\" rel=\"noreferrer noopener\">IPSOS-unders\u00f8kelse<\/a>\u202f fra 2024, p\u00e5 vegne av Bl\u00e5 Kors, ble det bl.a. sett p\u00e5 holdninger til og bruk av rusmidler. Unders\u00f8kelsen gir et bilde av noen av trendene og tendensene blant ungdom i alderen 16-19 \u00e5r.\u202f&nbsp;<\/p>\n\n\n\n<p>I unders\u00f8kelsen svarer 1 av 4 at det er like vanlig at det brukes kokain og\/eller cannabis p\u00e5 fest som alkohol. Samme andel svarer at det gir h\u00f8yere sosial status \u00e5 bruke ulovlige rusmidler p\u00e5 fest. Dette kan tyde p\u00e5 at normaliseringen av illegale rusmidler blant unge fortsetter, og at en god del ungdom kommer i kontakt med rusmidler i sitt n\u00e6rmilj\u00f8.\u202f&nbsp;<\/p>\n\n\n\n<h2 class=\"wp-block-heading\" id=\"om-normalisering\">Om normalisering<\/h2>\n\n\n\n<p>N\u00e5r narkotikabruk blir normalisert, ser flere p\u00e5 det som en naturlig\u202fdel av tilv\u00e6relsen, og f\u00e6rre reagerer negativt p\u00e5 bruk. Vi har ogs\u00e5 en tendens til \u00e5 undervurdere risikoene p\u00e5 det vi opplever som normalt. Dette kan redusere terskelen for at unge eksperimenterer med narkotika. \u202f\u202f&nbsp;<br>\u202f\u202f&nbsp;<\/p>\n\n\n\n<blockquote class=\"wp-block-quote is-layout-flow wp-block-quote-is-layout-flow\">\n<p><\/p>\n<cite>En fornuftig ruspolitikk har som m\u00e5l \u00e5 redusere normalisering og bruk.<\/cite><\/blockquote>\n\n\n\n<p><br>\u202f&nbsp;<br>&nbsp;<\/p>\n","protected":false},"excerpt":{"rendered":"<p>Form\u00e5let med forbud er \u00e5 forebygge \u2013 ikke straffe. M\u00e5let er ikke \u00e5 gi b\u00f8ter eller \u00f8delegge noens fremtid, men \u00e5 hindre at folk begynner med rusmidler i utgangspunktet.\u202f&nbsp; Vi vet at forbud fungerer. Mange unge dropper \u00e5 teste narkotika nettopp fordi de vet at det kan f\u00e5 konsekvenser, for eksempel for jobbmuligheter eller reiser [&hellip;]<\/p>\n","protected":false},"author":2,"featured_media":0,"parent":0,"menu_order":0,"comment_status":"closed","ping_status":"closed","template":"","meta":{"footnotes":""},"class_list":["post-434","page","type-page","status-publish","hentry"],"yoast_head":"<!-- This site is optimized with the Yoast SEO plugin v23.9 - https:\/\/yoast.com\/wordpress\/plugins\/seo\/ -->\n<title>Et forbud gj\u00f8r det lettere for unge \u00e5 si nei - Rusfornuft.no<\/title>\n<meta name=\"robots\" content=\"index, follow, max-snippet:-1, max-image-preview:large, max-video-preview:-1\" \/>\n<link rel=\"canonical\" href=\"https:\/\/www.rusfornuft.no\/?page_id=434\" \/>\n<meta property=\"og:locale\" content=\"nb_NO\" \/>\n<meta property=\"og:type\" content=\"article\" \/>\n<meta property=\"og:title\" content=\"Et forbud gj\u00f8r det lettere for unge \u00e5 si nei - Rusfornuft.no\" \/>\n<meta property=\"og:description\" content=\"Form\u00e5let med forbud er \u00e5 forebygge \u2013 ikke straffe. M\u00e5let er ikke \u00e5 gi b\u00f8ter eller \u00f8delegge noens fremtid, men \u00e5 hindre at folk begynner med rusmidler i utgangspunktet.\u202f&nbsp; Vi vet at forbud fungerer. Mange unge dropper \u00e5 teste narkotika nettopp fordi de vet at det kan f\u00e5 konsekvenser, for eksempel for jobbmuligheter eller reiser [&hellip;]\" \/>\n<meta property=\"og:url\" content=\"https:\/\/www.rusfornuft.no\/?page_id=434\" \/>\n<meta property=\"og:site_name\" content=\"Rusfornuft.no\" \/>\n<meta property=\"article:modified_time\" content=\"2025-04-30T16:08:38+00:00\" \/>\n<meta property=\"og:image\" content=\"https:\/\/www.rusfornuft.no\/content\/uploads\/2025\/04\/iStock-1432862718.jpg\" \/>\n\t<meta property=\"og:image:width\" content=\"1253\" \/>\n\t<meta property=\"og:image:height\" content=\"836\" \/>\n\t<meta property=\"og:image:type\" content=\"image\/jpeg\" \/>\n<meta name=\"twitter:card\" content=\"summary_large_image\" \/>\n<meta name=\"twitter:label1\" content=\"Ansl. lesetid\" \/>\n\t<meta name=\"twitter:data1\" content=\"3 minutter\" \/>\n<script type=\"application\/ld+json\" class=\"yoast-schema-graph\">{\"@context\":\"https:\/\/schema.org\",\"@graph\":[{\"@type\":\"WebPage\",\"@id\":\"https:\/\/www.rusfornuft.no\/?page_id=434\",\"url\":\"https:\/\/www.rusfornuft.no\/?page_id=434\",\"name\":\"Et forbud gj\u00f8r det lettere for unge \u00e5 si nei - Rusfornuft.no\",\"isPartOf\":{\"@id\":\"https:\/\/www.rusfornuft.no\/#website\"},\"primaryImageOfPage\":{\"@id\":\"https:\/\/www.rusfornuft.no\/?page_id=434#primaryimage\"},\"image\":{\"@id\":\"https:\/\/www.rusfornuft.no\/?page_id=434#primaryimage\"},\"thumbnailUrl\":\"https:\/\/www.rusfornuft.no\/content\/uploads\/2025\/04\/iStock-1432862718-1024x683.jpg\",\"datePublished\":\"2025-03-03T12:27:24+00:00\",\"dateModified\":\"2025-04-30T16:08:38+00:00\",\"breadcrumb\":{\"@id\":\"https:\/\/www.rusfornuft.no\/?page_id=434#breadcrumb\"},\"inLanguage\":\"nb-NO\",\"potentialAction\":[{\"@type\":\"ReadAction\",\"target\":[\"https:\/\/www.rusfornuft.no\/?page_id=434\"]}]},{\"@type\":\"ImageObject\",\"inLanguage\":\"nb-NO\",\"@id\":\"https:\/\/www.rusfornuft.no\/?page_id=434#primaryimage\",\"url\":\"https:\/\/www.rusfornuft.no\/content\/uploads\/2025\/04\/iStock-1432862718.jpg\",\"contentUrl\":\"https:\/\/www.rusfornuft.no\/content\/uploads\/2025\/04\/iStock-1432862718.jpg\",\"width\":1253,\"height\":836,\"caption\":\"En gruppe ulike universitetsstudenter g\u00e5r p\u00e5 campus. En mannlig student snur seg og ser mot kameraet over skulderen og smiler.\"},{\"@type\":\"BreadcrumbList\",\"@id\":\"https:\/\/www.rusfornuft.no\/?page_id=434#breadcrumb\",\"itemListElement\":[{\"@type\":\"ListItem\",\"position\":1,\"name\":\"Hjem\",\"item\":\"https:\/\/www.rusfornuft.no\/\"},{\"@type\":\"ListItem\",\"position\":2,\"name\":\"Et forbud gj\u00f8r det lettere for unge \u00e5 si nei\"}]},{\"@type\":\"WebSite\",\"@id\":\"https:\/\/www.rusfornuft.no\/#website\",\"url\":\"https:\/\/www.rusfornuft.no\/\",\"name\":\"Rusfornuft.no\",\"description\":\"Vi trenger en ruspolitikk som forebygger og beskytter \u2013 ikke normaliserer. Signer oppropet p\u00e5 rusfornuft.no og bli med i mobiliseringen mot normalisering av narkotika.\",\"potentialAction\":[{\"@type\":\"SearchAction\",\"target\":{\"@type\":\"EntryPoint\",\"urlTemplate\":\"https:\/\/www.rusfornuft.no\/?s={search_term_string}\"},\"query-input\":{\"@type\":\"PropertyValueSpecification\",\"valueRequired\":true,\"valueName\":\"search_term_string\"}}],\"inLanguage\":\"nb-NO\"}]}<\/script>\n<!-- \/ Yoast SEO plugin. -->","yoast_head_json":{"title":"Et forbud gj\u00f8r det lettere for unge \u00e5 si nei - Rusfornuft.no","robots":{"index":"index","follow":"follow","max-snippet":"max-snippet:-1","max-image-preview":"max-image-preview:large","max-video-preview":"max-video-preview:-1"},"canonical":"https:\/\/www.rusfornuft.no\/?page_id=434","og_locale":"nb_NO","og_type":"article","og_title":"Et forbud gj\u00f8r det lettere for unge \u00e5 si nei - Rusfornuft.no","og_description":"Form\u00e5let med forbud er \u00e5 forebygge \u2013 ikke straffe. M\u00e5let er ikke \u00e5 gi b\u00f8ter eller \u00f8delegge noens fremtid, men \u00e5 hindre at folk begynner med rusmidler i utgangspunktet.\u202f&nbsp; Vi vet at forbud fungerer. Mange unge dropper \u00e5 teste narkotika nettopp fordi de vet at det kan f\u00e5 konsekvenser, for eksempel for jobbmuligheter eller reiser [&hellip;]","og_url":"https:\/\/www.rusfornuft.no\/?page_id=434","og_site_name":"Rusfornuft.no","article_modified_time":"2025-04-30T16:08:38+00:00","og_image":[{"width":1253,"height":836,"url":"https:\/\/www.rusfornuft.no\/content\/uploads\/2025\/04\/iStock-1432862718.jpg","type":"image\/jpeg"}],"twitter_card":"summary_large_image","twitter_misc":{"Ansl. lesetid":"3 minutter"},"schema":{"@context":"https:\/\/schema.org","@graph":[{"@type":"WebPage","@id":"https:\/\/www.rusfornuft.no\/?page_id=434","url":"https:\/\/www.rusfornuft.no\/?page_id=434","name":"Et forbud gj\u00f8r det lettere for unge \u00e5 si nei - Rusfornuft.no","isPartOf":{"@id":"https:\/\/www.rusfornuft.no\/#website"},"primaryImageOfPage":{"@id":"https:\/\/www.rusfornuft.no\/?page_id=434#primaryimage"},"image":{"@id":"https:\/\/www.rusfornuft.no\/?page_id=434#primaryimage"},"thumbnailUrl":"https:\/\/www.rusfornuft.no\/content\/uploads\/2025\/04\/iStock-1432862718-1024x683.jpg","datePublished":"2025-03-03T12:27:24+00:00","dateModified":"2025-04-30T16:08:38+00:00","breadcrumb":{"@id":"https:\/\/www.rusfornuft.no\/?page_id=434#breadcrumb"},"inLanguage":"nb-NO","potentialAction":[{"@type":"ReadAction","target":["https:\/\/www.rusfornuft.no\/?page_id=434"]}]},{"@type":"ImageObject","inLanguage":"nb-NO","@id":"https:\/\/www.rusfornuft.no\/?page_id=434#primaryimage","url":"https:\/\/www.rusfornuft.no\/content\/uploads\/2025\/04\/iStock-1432862718.jpg","contentUrl":"https:\/\/www.rusfornuft.no\/content\/uploads\/2025\/04\/iStock-1432862718.jpg","width":1253,"height":836,"caption":"En gruppe ulike universitetsstudenter g\u00e5r p\u00e5 campus. En mannlig student snur seg og ser mot kameraet over skulderen og smiler."},{"@type":"BreadcrumbList","@id":"https:\/\/www.rusfornuft.no\/?page_id=434#breadcrumb","itemListElement":[{"@type":"ListItem","position":1,"name":"Hjem","item":"https:\/\/www.rusfornuft.no\/"},{"@type":"ListItem","position":2,"name":"Et forbud gj\u00f8r det lettere for unge \u00e5 si nei"}]},{"@type":"WebSite","@id":"https:\/\/www.rusfornuft.no\/#website","url":"https:\/\/www.rusfornuft.no\/","name":"Rusfornuft.no","description":"Vi trenger en ruspolitikk som forebygger og beskytter \u2013 ikke normaliserer. Signer oppropet p\u00e5 rusfornuft.no og bli med i mobiliseringen mot normalisering av narkotika.","potentialAction":[{"@type":"SearchAction","target":{"@type":"EntryPoint","urlTemplate":"https:\/\/www.rusfornuft.no\/?s={search_term_string}"},"query-input":{"@type":"PropertyValueSpecification","valueRequired":true,"valueName":"search_term_string"}}],"inLanguage":"nb-NO"}]}},"_links":{"self":[{"href":"https:\/\/www.rusfornuft.no\/index.php?rest_route=\/wp\/v2\/pages\/434","targetHints":{"allow":["GET"]}}],"collection":[{"href":"https:\/\/www.rusfornuft.no\/index.php?rest_route=\/wp\/v2\/pages"}],"about":[{"href":"https:\/\/www.rusfornuft.no\/index.php?rest_route=\/wp\/v2\/types\/page"}],"author":[{"embeddable":true,"href":"https:\/\/www.rusfornuft.no\/index.php?rest_route=\/wp\/v2\/users\/2"}],"replies":[{"embeddable":true,"href":"https:\/\/www.rusfornuft.no\/index.php?rest_route=%2Fwp%2Fv2%2Fcomments&post=434"}],"version-history":[{"count":5,"href":"https:\/\/www.rusfornuft.no\/index.php?rest_route=\/wp\/v2\/pages\/434\/revisions"}],"predecessor-version":[{"id":910,"href":"https:\/\/www.rusfornuft.no\/index.php?rest_route=\/wp\/v2\/pages\/434\/revisions\/910"}],"wp:attachment":[{"href":"https:\/\/www.rusfornuft.no\/index.php?rest_route=%2Fwp%2Fv2%2Fmedia&parent=434"}],"curies":[{"name":"wp","href":"https:\/\/api.w.org\/{rel}","templated":true}]}}