{"id":53,"date":"2025-01-28T15:05:26","date_gmt":"2025-01-28T15:05:26","guid":{"rendered":"https:\/\/www.rusfornuft.no\/?page_id=53"},"modified":"2025-04-29T11:15:50","modified_gmt":"2025-04-29T11:15:50","slug":"om-oss","status":"publish","type":"page","link":"https:\/\/www.rusfornuft.no\/?page_id=53","title":{"rendered":"Om oss"},"content":{"rendered":"\t<div class=\"wp-block-dekode-page-title\">\n\t\t<div class=\"dekode-page-title__container\">\n\t\t\t\n<div class=\"yoast-breadcrumbs\"><span><span><a href=\"https:\/\/www.rusfornuft.no\/\">Hjem<\/a><\/span> <span class=\"breadcrumb-separator\"><svg xmlns=\"http:\/\/www.w3.org\/2000\/svg\" viewBox=\"0 0 24 24\" height=\"24\" width=\"24\" class=\"t2-icon t2-icon-chevrondown\" aria-hidden=\"true\" focusable=\"false\"><path d=\"M6.9 9.259a1.438 1.438 0 0 1-.147.037c-.139.031-.339.201-.421.359-.084.161-.084.528-.001.685.035.066 1.239 1.293 2.676 2.728 1.882 1.877 2.647 2.616 2.733 2.638.066.016.183.03.26.03.077 0 .194-.014.26-.03.086-.022.851-.761 2.733-2.638 1.437-1.435 2.641-2.662 2.676-2.728.082-.154.083-.524.001-.68a.847.847 0 0 0-.345-.339c-.112-.058-.414-.072-.585-.027-.085.022-.786.696-2.43 2.338L12 13.939l-2.29-2.285c-1.26-1.257-2.326-2.303-2.37-2.325-.092-.045-.38-.091-.44-.07\"\/><\/svg><\/span> <span class=\"breadcrumb_last\" aria-current=\"page\">Om oss<\/span><\/span><\/div>\n\n<h1 class=\"wp-block-post-title\">Om oss<\/h1>\n\n<p class=\"t2-ingress wp-block-t2-ingress\">Vi som st\u00e5r bak rusfornuft.no mener at en fornuftig og ansvarlig ruspolitikk b\u00f8r forebygge bruk og begrense tilgangen til narkotika.<\/p>\n\t\t<\/div>\n\t<\/div>\n\t\n\n\n<div class=\"wp-block-buttons is-layout-flex wp-block-buttons-is-layout-flex\">\n<div class=\"wp-block-button\"><a class=\"wp-block-button__link wp-element-button\" href=\"https:\/\/www.rusfornuft.no\/mediehenvendelser\/\" target=\"_blank\" rel=\"noreferrer noopener\">For presse<\/a><\/div>\n<\/div>\n\n\n\n<h2 class=\"wp-block-heading\" id=\"ofte-stilte-sporsmal\">Ofte stilte sp\u00f8rsm\u00e5l<\/h2>\n\n\n<div class=\"t2-accordion wp-block-t2-accordion\" data-allow-multiple=\"1\">\n<div class=\"t2-accordion-item wp-block-t2-accordion-item\">\t<h2 class=\"t2-accordion-title\">\n\t\t<button\n\t\t\taria-controls=\"accordion-panel\"\n\t\t\taria-expanded=\"false\"\n\t\t\tclass=\"t2-accordion-trigger\"\n\t\t\tid=\"hvordan-behandles-underskriftene?\"\n\t\t\ttype=\"button\"\n\t\t>\n\t\t\tHvordan behandles underskriftene?\t\t\t<span class=\"t2-accordion-icon is-closed-icon\">\n\t\t\t\t<svg xmlns=\"http:\/\/www.w3.org\/2000\/svg\" viewBox=\"0 0 24 24\" height=\"24\" width=\"24\" class=\"t2-icon t2-icon-chevrondown\" aria-hidden=\"true\" focusable=\"false\"><path d=\"M6.9 9.259a1.438 1.438 0 0 1-.147.037c-.139.031-.339.201-.421.359-.084.161-.084.528-.001.685.035.066 1.239 1.293 2.676 2.728 1.882 1.877 2.647 2.616 2.733 2.638.066.016.183.03.26.03.077 0 .194-.014.26-.03.086-.022.851-.761 2.733-2.638 1.437-1.435 2.641-2.662 2.676-2.728.082-.154.083-.524.001-.68a.847.847 0 0 0-.345-.339c-.112-.058-.414-.072-.585-.027-.085.022-.786.696-2.43 2.338L12 13.939l-2.29-2.285c-1.26-1.257-2.326-2.303-2.37-2.325-.092-.045-.38-.091-.44-.07\"\/><\/svg>\t\t\t<\/span>\n\t\t\t<span class=\"t2-accordion-icon is-open-icon\">\n\t\t\t\t<svg xmlns=\"http:\/\/www.w3.org\/2000\/svg\" viewBox=\"0 0 24 24\" height=\"24\" width=\"24\" class=\"t2-icon t2-icon-chevronup\" aria-hidden=\"true\" focusable=\"false\"><path d=\"M6.7 14.7c-.2-.2-.3-.4-.3-.7s.1-.5.3-.7l4.6-4.6c.1-.1.2-.2.3-.2.1 0 .2-.1.4-.1.1 0 .3 0 .4.1.1 0 .2.1.3.2l4.6 4.6c.2.2.3.4.3.7s-.1.5-.3.7c-.2.2-.4.3-.7.3s-.5-.1-.7-.3L12 10.8l-3.9 3.9c-.2.2-.4.3-.7.3s-.5-.1-.7-.3z\" \/><\/svg>\t\t\t<\/span>\n\t\t<\/button>\n\t<\/h2>\n\t\t<div\n\t\taria-labelledby=\"hvordan-behandles-underskriftene?\"\n\t\tclass=\"t2-accordion-item__inner-container\"\n\t\tid=\"accordion-panel\"\n\t\trole=\"region\"\n\t\thidden\t>\n\t\t\n\n<p>Du skriver under p\u00e5 oppropet ved \u00e5 fylle ut skjema p\u00e5 nettsiden rusfornuft.no. Underskriftene oppbevares av IOGT Norge i tr\u00e5d med gjeldende retningslinjer til oppropet avsluttes og underskriftene er overlevert helseministeren.<\/p>\n\n\n\n<p>Vi har dessverre opplevd at noen bevisst har lagt inn falske underskrifter og at noen har brukt en robot til \u00e5 spamme underskriftslisten. Vi ber derfor om mobilnummer til deg som skriver under. Mobilnummeret brukes kun for \u00e5 sjekke at det er reelle personer som skriver under, og vi sletter opplysningene n\u00e5r oppropet avsluttes. Vi vil ikke kontakte deg utover dette, og vi gir ikke nummeret ditt videre til andre.\u202f\u202f&nbsp;<\/p>\n\n\n\n<p>Vi har hele tiden hatt en manuell gjennomgang av underskriftene, og sletter \u00e5penbare feil. Som f.eks. navn som er registrert flere ganger med kort mellomrom, tomme\/ufullstendige oppf\u00f8ringer og \u00e5penbare tullenavn. Dersom du tror du kan ha kommet i skade for \u00e5 registrere noe feil, s\u00e5 send oss gjerne en e-post slik at vi kan rette opp. Vi vil gjerne at listene skal v\u00e6re s\u00e5 riktige som mulig\u202f<\/p>\n\n\t<\/div>\n\t<\/div>\n\n<div class=\"t2-accordion-item wp-block-t2-accordion-item\">\t<h2 class=\"t2-accordion-title\">\n\t\t<button\n\t\t\taria-controls=\"accordion-panel-1\"\n\t\t\taria-expanded=\"false\"\n\t\t\tclass=\"t2-accordion-trigger\"\n\t\t\tid=\"hvilken-forskjell-gj\u00f8r-det-om-jeg-skriver-under-kampanjen?\"\n\t\t\ttype=\"button\"\n\t\t>\n\t\t\tHvilken forskjell gj\u00f8r det om jeg skriver under kampanjen?\t\t\t<span class=\"t2-accordion-icon is-closed-icon\">\n\t\t\t\t<svg xmlns=\"http:\/\/www.w3.org\/2000\/svg\" viewBox=\"0 0 24 24\" height=\"24\" width=\"24\" class=\"t2-icon t2-icon-chevrondown\" aria-hidden=\"true\" focusable=\"false\"><path d=\"M6.9 9.259a1.438 1.438 0 0 1-.147.037c-.139.031-.339.201-.421.359-.084.161-.084.528-.001.685.035.066 1.239 1.293 2.676 2.728 1.882 1.877 2.647 2.616 2.733 2.638.066.016.183.03.26.03.077 0 .194-.014.26-.03.086-.022.851-.761 2.733-2.638 1.437-1.435 2.641-2.662 2.676-2.728.082-.154.083-.524.001-.68a.847.847 0 0 0-.345-.339c-.112-.058-.414-.072-.585-.027-.085.022-.786.696-2.43 2.338L12 13.939l-2.29-2.285c-1.26-1.257-2.326-2.303-2.37-2.325-.092-.045-.38-.091-.44-.07\"\/><\/svg>\t\t\t<\/span>\n\t\t\t<span class=\"t2-accordion-icon is-open-icon\">\n\t\t\t\t<svg xmlns=\"http:\/\/www.w3.org\/2000\/svg\" viewBox=\"0 0 24 24\" height=\"24\" width=\"24\" class=\"t2-icon t2-icon-chevronup\" aria-hidden=\"true\" focusable=\"false\"><path d=\"M6.7 14.7c-.2-.2-.3-.4-.3-.7s.1-.5.3-.7l4.6-4.6c.1-.1.2-.2.3-.2.1 0 .2-.1.4-.1.1 0 .3 0 .4.1.1 0 .2.1.3.2l4.6 4.6c.2.2.3.4.3.7s-.1.5-.3.7c-.2.2-.4.3-.7.3s-.5-.1-.7-.3L12 10.8l-3.9 3.9c-.2.2-.4.3-.7.3s-.5-.1-.7-.3z\" \/><\/svg>\t\t\t<\/span>\n\t\t<\/button>\n\t<\/h2>\n\t\t<div\n\t\taria-labelledby=\"hvilken-forskjell-gj\u00f8r-det-om-jeg-skriver-under-kampanjen?\"\n\t\tclass=\"t2-accordion-item__inner-container\"\n\t\tid=\"accordion-panel-1\"\n\t\trole=\"region\"\n\t\thidden\t>\n\t\t\n\n<p>Du viser at dette er en viktig sak som mange bryr seg om. Underskriftene overleveres helseministeren. Det vil synliggj\u00f8re engasjementet for en fornuftig ruspolitikk. Jo flere som signerer, jo mer synlighet og gjennomslagskraft for en fornuftig ruspolitikk. Et folkelig engasjement kan p\u00e5virke politikere og hva de arbeider for i narkotikapolitikken kommende stortingsperiode.&nbsp;<\/p>\n\n\t<\/div>\n\t<\/div>\n\n<div class=\"t2-accordion-item wp-block-t2-accordion-item\">\t<h2 class=\"t2-accordion-title\">\n\t\t<button\n\t\t\taria-controls=\"accordion-panel-2\"\n\t\t\taria-expanded=\"false\"\n\t\t\tclass=\"t2-accordion-trigger\"\n\t\t\tid=\"kan-organisasjonen-v\u00e5r-f\u00e5-logoen-p\u00e5-denne-nettsiden?\"\n\t\t\ttype=\"button\"\n\t\t>\n\t\t\tKan organisasjonen v\u00e5r f\u00e5 logoen p\u00e5 denne nettsiden?\t\t\t<span class=\"t2-accordion-icon is-closed-icon\">\n\t\t\t\t<svg xmlns=\"http:\/\/www.w3.org\/2000\/svg\" viewBox=\"0 0 24 24\" height=\"24\" width=\"24\" class=\"t2-icon t2-icon-chevrondown\" aria-hidden=\"true\" focusable=\"false\"><path d=\"M6.9 9.259a1.438 1.438 0 0 1-.147.037c-.139.031-.339.201-.421.359-.084.161-.084.528-.001.685.035.066 1.239 1.293 2.676 2.728 1.882 1.877 2.647 2.616 2.733 2.638.066.016.183.03.26.03.077 0 .194-.014.26-.03.086-.022.851-.761 2.733-2.638 1.437-1.435 2.641-2.662 2.676-2.728.082-.154.083-.524.001-.68a.847.847 0 0 0-.345-.339c-.112-.058-.414-.072-.585-.027-.085.022-.786.696-2.43 2.338L12 13.939l-2.29-2.285c-1.26-1.257-2.326-2.303-2.37-2.325-.092-.045-.38-.091-.44-.07\"\/><\/svg>\t\t\t<\/span>\n\t\t\t<span class=\"t2-accordion-icon is-open-icon\">\n\t\t\t\t<svg xmlns=\"http:\/\/www.w3.org\/2000\/svg\" viewBox=\"0 0 24 24\" height=\"24\" width=\"24\" class=\"t2-icon t2-icon-chevronup\" aria-hidden=\"true\" focusable=\"false\"><path d=\"M6.7 14.7c-.2-.2-.3-.4-.3-.7s.1-.5.3-.7l4.6-4.6c.1-.1.2-.2.3-.2.1 0 .2-.1.4-.1.1 0 .3 0 .4.1.1 0 .2.1.3.2l4.6 4.6c.2.2.3.4.3.7s-.1.5-.3.7c-.2.2-.4.3-.7.3s-.5-.1-.7-.3L12 10.8l-3.9 3.9c-.2.2-.4.3-.7.3s-.5-.1-.7-.3z\" \/><\/svg>\t\t\t<\/span>\n\t\t<\/button>\n\t<\/h2>\n\t\t<div\n\t\taria-labelledby=\"kan-organisasjonen-v\u00e5r-f\u00e5-logoen-p\u00e5-denne-nettsiden?\"\n\t\tclass=\"t2-accordion-item__inner-container\"\n\t\tid=\"accordion-panel-2\"\n\t\trole=\"region\"\n\t\thidden\t>\n\t\t\n\n<p>Representerer du en organisasjon som st\u00f8tter kampanjens budskap og \u00f8nsker \u00e5 vise det ved \u00e5 ha logoen p\u00e5 forsiden? Vi vil gjerne h\u00f8re fra dere! Send oss en e-post: <a href=\"post@rusfornuft.no\">post@rusfornuft.no\u202f\u202f<\/a><\/p>\n\n\t<\/div>\n\t<\/div>\n\n<div class=\"t2-accordion-item wp-block-t2-accordion-item\">\t<h2 class=\"t2-accordion-title\">\n\t\t<button\n\t\t\taria-controls=\"accordion-panel-3\"\n\t\t\taria-expanded=\"false\"\n\t\t\tclass=\"t2-accordion-trigger\"\n\t\t\tid=\"hvem-st\u00e5r-bak-kampanjen?\"\n\t\t\ttype=\"button\"\n\t\t>\n\t\t\tHvem st\u00e5r bak kampanjen?\t\t\t<span class=\"t2-accordion-icon is-closed-icon\">\n\t\t\t\t<svg xmlns=\"http:\/\/www.w3.org\/2000\/svg\" viewBox=\"0 0 24 24\" height=\"24\" width=\"24\" class=\"t2-icon t2-icon-chevrondown\" aria-hidden=\"true\" focusable=\"false\"><path d=\"M6.9 9.259a1.438 1.438 0 0 1-.147.037c-.139.031-.339.201-.421.359-.084.161-.084.528-.001.685.035.066 1.239 1.293 2.676 2.728 1.882 1.877 2.647 2.616 2.733 2.638.066.016.183.03.26.03.077 0 .194-.014.26-.03.086-.022.851-.761 2.733-2.638 1.437-1.435 2.641-2.662 2.676-2.728.082-.154.083-.524.001-.68a.847.847 0 0 0-.345-.339c-.112-.058-.414-.072-.585-.027-.085.022-.786.696-2.43 2.338L12 13.939l-2.29-2.285c-1.26-1.257-2.326-2.303-2.37-2.325-.092-.045-.38-.091-.44-.07\"\/><\/svg>\t\t\t<\/span>\n\t\t\t<span class=\"t2-accordion-icon is-open-icon\">\n\t\t\t\t<svg xmlns=\"http:\/\/www.w3.org\/2000\/svg\" viewBox=\"0 0 24 24\" height=\"24\" width=\"24\" class=\"t2-icon t2-icon-chevronup\" aria-hidden=\"true\" focusable=\"false\"><path d=\"M6.7 14.7c-.2-.2-.3-.4-.3-.7s.1-.5.3-.7l4.6-4.6c.1-.1.2-.2.3-.2.1 0 .2-.1.4-.1.1 0 .3 0 .4.1.1 0 .2.1.3.2l4.6 4.6c.2.2.3.4.3.7s-.1.5-.3.7c-.2.2-.4.3-.7.3s-.5-.1-.7-.3L12 10.8l-3.9 3.9c-.2.2-.4.3-.7.3s-.5-.1-.7-.3z\" \/><\/svg>\t\t\t<\/span>\n\t\t<\/button>\n\t<\/h2>\n\t\t<div\n\t\taria-labelledby=\"hvem-st\u00e5r-bak-kampanjen?\"\n\t\tclass=\"t2-accordion-item__inner-container\"\n\t\tid=\"accordion-panel-3\"\n\t\trole=\"region\"\n\t\thidden\t>\n\t\t\n\n<ul class=\"wp-block-list\">\n<li>IOGT Norge<\/li>\n\n\n\n<li>Norsk narkotikaforebyggende forening<\/li>\n\n\n\n<li>FMR: Fellesskap &#8211; Menneskeverd &#8211; Rusfrihet <\/li>\n\n\n\n<li>Juvente<\/li>\n\n\n\n<li>Det Hjelper<\/li>\n\n\n\n<li>Rusfri Oppvekst<\/li>\n\n\n\n<li>DNT- Edru Livsstil <\/li>\n\n\n\n<li>Ungdom mot narkotika<\/li>\n\n\n\n<li>R,O.T Recovery og Tilfriskning<\/li>\n\n\n\n<li>Maritastiftelsen<\/li>\n<\/ul>\n\n\t<\/div>\n\t<\/div>\n\n<div class=\"t2-accordion-item wp-block-t2-accordion-item\">\t<h2 class=\"t2-accordion-title\">\n\t\t<button\n\t\t\taria-controls=\"accordion-panel-4\"\n\t\t\taria-expanded=\"false\"\n\t\t\tclass=\"t2-accordion-trigger\"\n\t\t\tid=\"hvordan-kan-jeg-engasjere-meg-i-dette?\"\n\t\t\ttype=\"button\"\n\t\t>\n\t\t\tHvordan kan jeg engasjere meg i dette?\t\t\t<span class=\"t2-accordion-icon is-closed-icon\">\n\t\t\t\t<svg xmlns=\"http:\/\/www.w3.org\/2000\/svg\" viewBox=\"0 0 24 24\" height=\"24\" width=\"24\" class=\"t2-icon t2-icon-chevrondown\" aria-hidden=\"true\" focusable=\"false\"><path d=\"M6.9 9.259a1.438 1.438 0 0 1-.147.037c-.139.031-.339.201-.421.359-.084.161-.084.528-.001.685.035.066 1.239 1.293 2.676 2.728 1.882 1.877 2.647 2.616 2.733 2.638.066.016.183.03.26.03.077 0 .194-.014.26-.03.086-.022.851-.761 2.733-2.638 1.437-1.435 2.641-2.662 2.676-2.728.082-.154.083-.524.001-.68a.847.847 0 0 0-.345-.339c-.112-.058-.414-.072-.585-.027-.085.022-.786.696-2.43 2.338L12 13.939l-2.29-2.285c-1.26-1.257-2.326-2.303-2.37-2.325-.092-.045-.38-.091-.44-.07\"\/><\/svg>\t\t\t<\/span>\n\t\t\t<span class=\"t2-accordion-icon is-open-icon\">\n\t\t\t\t<svg xmlns=\"http:\/\/www.w3.org\/2000\/svg\" viewBox=\"0 0 24 24\" height=\"24\" width=\"24\" class=\"t2-icon t2-icon-chevronup\" aria-hidden=\"true\" focusable=\"false\"><path d=\"M6.7 14.7c-.2-.2-.3-.4-.3-.7s.1-.5.3-.7l4.6-4.6c.1-.1.2-.2.3-.2.1 0 .2-.1.4-.1.1 0 .3 0 .4.1.1 0 .2.1.3.2l4.6 4.6c.2.2.3.4.3.7s-.1.5-.3.7c-.2.2-.4.3-.7.3s-.5-.1-.7-.3L12 10.8l-3.9 3.9c-.2.2-.4.3-.7.3s-.5-.1-.7-.3z\" \/><\/svg>\t\t\t<\/span>\n\t\t<\/button>\n\t<\/h2>\n\t\t<div\n\t\taria-labelledby=\"hvordan-kan-jeg-engasjere-meg-i-dette?\"\n\t\tclass=\"t2-accordion-item__inner-container\"\n\t\tid=\"accordion-panel-4\"\n\t\trole=\"region\"\n\t\thidden\t>\n\t\t\n\n<p>Har du skrevet under oppropet, men \u00f8nsker \u00e5 gj\u00f8re mer for \u00e5 bidra til en fornuftig ruspolitikk som forebygger bruk og begrenser tilgangen til narkotika?<\/p>\n\n\n\n<ul class=\"wp-block-list\">\n<li><strong>Del oppropet i sosiale medier<\/strong>\n<ul class=\"wp-block-list\">\n<li>Lik kampanjen p\u00e5 Facebook, og f\u00f8lg oss p\u00e5 Instagram. Lik og del og hjelp oss \u00e5 spre kampanjen i sosiale medier. <\/li>\n<\/ul>\n<\/li>\n\n\n\n<li><strong>Skriv leserbrev<\/strong>\n<ul class=\"wp-block-list\">\n<li>Liker du \u00e5 skrive eller har du en personlig historie \u00e5 fortelle? La oss samarbeide om \u00e5 f\u00e5 god informasjon ut i media. <\/li>\n<\/ul>\n<\/li>\n\n\n\n<li><strong>Gi beskjed til din stortingsrepresentant <\/strong>\n<ul class=\"wp-block-list\">\n<li>Gi beskjed til din stortingsrepresentant p\u00e5 Stortinget om at du \u00f8nsker et fortsatt forbud mot narkotika og go ros til dem som sier ting du er enig i. <a href=\"https:\/\/www.stortinget.no\/no\/Representanter-og-komiteer\/valgdistriktene\/\">Her finner du dine representanter.  <\/a><\/li>\n<\/ul>\n<\/li>\n\n\n\n<li><strong>Snakk med folk<\/strong>\n<ul class=\"wp-block-list\">\n<li>Del ditt engasjement for en fornuftig ruspolitikk. Det er mange som er usikre p\u00e5 hvilke regler som gjelder og hvordan man b\u00f8r snakke med ungdommen sin om rus. <\/li>\n<\/ul>\n<\/li>\n\n\n\n<li><strong>St\u00f8tt lokalpolitikere og fagfolk<\/strong>\n<ul class=\"wp-block-list\">\n<li>Det er mange lokalpolitikere og fagfolk som er ute i offentligheten for \u00e5 snakke om baksidene ved avkriminalisering og legalisering av narkotika. Vis dem st\u00f8tte!<\/li>\n<\/ul>\n<\/li>\n<\/ul>\n\n\n\n<p>Ta kontakt med oss hvis du \u00f8nsker \u00e5 engasjere deg p\u00e5 flere m\u00e5ter!<\/p>\n\n\n\n<p><a href=\"mailto:post@rusfornuft.no\">post@rusfornuft.no<\/a><\/p>\n\n\t<\/div>\n\t<\/div>\n\n<div class=\"t2-accordion-item wp-block-t2-accordion-item\">\t<h2 class=\"t2-accordion-title\">\n\t\t<button\n\t\t\taria-controls=\"accordion-panel-5\"\n\t\t\taria-expanded=\"false\"\n\t\t\tclass=\"t2-accordion-trigger\"\n\t\t\tid=\"personvernerkl\u00e6ring-for-rusfornuft.no\"\n\t\t\ttype=\"button\"\n\t\t>\n\t\t\tPersonvernerkl\u00e6ring for rusfornuft.no\t\t\t<span class=\"t2-accordion-icon is-closed-icon\">\n\t\t\t\t<svg xmlns=\"http:\/\/www.w3.org\/2000\/svg\" viewBox=\"0 0 24 24\" height=\"24\" width=\"24\" class=\"t2-icon t2-icon-chevrondown\" aria-hidden=\"true\" focusable=\"false\"><path d=\"M6.9 9.259a1.438 1.438 0 0 1-.147.037c-.139.031-.339.201-.421.359-.084.161-.084.528-.001.685.035.066 1.239 1.293 2.676 2.728 1.882 1.877 2.647 2.616 2.733 2.638.066.016.183.03.26.03.077 0 .194-.014.26-.03.086-.022.851-.761 2.733-2.638 1.437-1.435 2.641-2.662 2.676-2.728.082-.154.083-.524.001-.68a.847.847 0 0 0-.345-.339c-.112-.058-.414-.072-.585-.027-.085.022-.786.696-2.43 2.338L12 13.939l-2.29-2.285c-1.26-1.257-2.326-2.303-2.37-2.325-.092-.045-.38-.091-.44-.07\"\/><\/svg>\t\t\t<\/span>\n\t\t\t<span class=\"t2-accordion-icon is-open-icon\">\n\t\t\t\t<svg xmlns=\"http:\/\/www.w3.org\/2000\/svg\" viewBox=\"0 0 24 24\" height=\"24\" width=\"24\" class=\"t2-icon t2-icon-chevronup\" aria-hidden=\"true\" focusable=\"false\"><path d=\"M6.7 14.7c-.2-.2-.3-.4-.3-.7s.1-.5.3-.7l4.6-4.6c.1-.1.2-.2.3-.2.1 0 .2-.1.4-.1.1 0 .3 0 .4.1.1 0 .2.1.3.2l4.6 4.6c.2.2.3.4.3.7s-.1.5-.3.7c-.2.2-.4.3-.7.3s-.5-.1-.7-.3L12 10.8l-3.9 3.9c-.2.2-.4.3-.7.3s-.5-.1-.7-.3z\" \/><\/svg>\t\t\t<\/span>\n\t\t<\/button>\n\t<\/h2>\n\t\t<div\n\t\taria-labelledby=\"personvernerkl\u00e6ring-for-rusfornuft.no\"\n\t\tclass=\"t2-accordion-item__inner-container\"\n\t\tid=\"accordion-panel-5\"\n\t\trole=\"region\"\n\t\thidden\t>\n\t\t\n\n<p>N\u00e5r du signerer en aksjon p\u00e5 rusfornuft.no, registrerer vi navn og kontaktinformasjon for \u00e5 kunne sende signaturlisten til mottaker. Du f\u00e5r en bekreftelse p\u00e5 e-post, men vi deler aldri e-post eller telefonnummer med mottakeren.<\/p>\n\n\n\n<p><strong>Rettslig grunnlag<\/strong><br>Behandlingen av personopplysninger skjer med grunnlag i GDPR art. 6 (1) b \u2013 det er n\u00f8dvendig for \u00e5 gjennomf\u00f8re avtalen om \u00e5 signere oppropet.&nbsp;<\/p>\n\n\n\n<p><strong>Lagring og sletting<\/strong><br>Opplysningene dine lagres i inntil de overleveres mottaker. Etter dette anonymiseres dataene og bevares for statistikk.<\/p>\n\n\n\n<p><strong>Vi selger aldri dine opplysninger.<\/strong> All behandling skjer i tr\u00e5d med gjeldende regler for personvern og sikkerhet.<\/p>\n\n\n\n<p>Har du sp\u00f8rsm\u00e5l ang\u00e5ende personvern, ta kontakt via <a href=\"mailto:post@rusfornuft.no\">post@rusfornuft.no<\/a><\/p>\n\n\t<\/div>\n\t<\/div>\n<\/div>","protected":false},"excerpt":{"rendered":"<p>Ofte stilte sp\u00f8rsm\u00e5l<\/p>\n","protected":false},"author":1,"featured_media":0,"parent":0,"menu_order":0,"comment_status":"closed","ping_status":"closed","template":"","meta":{"footnotes":""},"class_list":["post-53","page","type-page","status-publish","hentry"],"yoast_head":"<!-- This site is optimized with the Yoast SEO plugin v23.9 - https:\/\/yoast.com\/wordpress\/plugins\/seo\/ -->\n<title>Om oss - Rusfornuft.no<\/title>\n<meta name=\"robots\" content=\"index, follow, max-snippet:-1, max-image-preview:large, max-video-preview:-1\" \/>\n<link rel=\"canonical\" href=\"https:\/\/www.rusfornuft.no\/?page_id=53\" \/>\n<meta property=\"og:locale\" content=\"nb_NO\" \/>\n<meta property=\"og:type\" content=\"article\" \/>\n<meta property=\"og:title\" content=\"Om oss - Rusfornuft.no\" \/>\n<meta property=\"og:description\" content=\"Ofte stilte sp\u00f8rsm\u00e5l\" \/>\n<meta property=\"og:url\" content=\"https:\/\/www.rusfornuft.no\/?page_id=53\" \/>\n<meta property=\"og:site_name\" content=\"Rusfornuft.no\" \/>\n<meta property=\"article:modified_time\" content=\"2025-04-29T11:15:50+00:00\" \/>\n<meta name=\"twitter:card\" content=\"summary_large_image\" \/>\n<meta name=\"twitter:label1\" content=\"Ansl. lesetid\" \/>\n\t<meta name=\"twitter:data1\" content=\"4 minutter\" \/>\n<script type=\"application\/ld+json\" class=\"yoast-schema-graph\">{\"@context\":\"https:\/\/schema.org\",\"@graph\":[{\"@type\":\"WebPage\",\"@id\":\"https:\/\/www.rusfornuft.no\/?page_id=53\",\"url\":\"https:\/\/www.rusfornuft.no\/?page_id=53\",\"name\":\"Om oss - Rusfornuft.no\",\"isPartOf\":{\"@id\":\"https:\/\/www.rusfornuft.no\/#website\"},\"datePublished\":\"2025-01-28T15:05:26+00:00\",\"dateModified\":\"2025-04-29T11:15:50+00:00\",\"breadcrumb\":{\"@id\":\"https:\/\/www.rusfornuft.no\/?page_id=53#breadcrumb\"},\"inLanguage\":\"nb-NO\",\"potentialAction\":[{\"@type\":\"ReadAction\",\"target\":[\"https:\/\/www.rusfornuft.no\/?page_id=53\"]}]},{\"@type\":\"BreadcrumbList\",\"@id\":\"https:\/\/www.rusfornuft.no\/?page_id=53#breadcrumb\",\"itemListElement\":[{\"@type\":\"ListItem\",\"position\":1,\"name\":\"Hjem\",\"item\":\"https:\/\/www.rusfornuft.no\/\"},{\"@type\":\"ListItem\",\"position\":2,\"name\":\"Om oss\"}]},{\"@type\":\"WebSite\",\"@id\":\"https:\/\/www.rusfornuft.no\/#website\",\"url\":\"https:\/\/www.rusfornuft.no\/\",\"name\":\"Rusfornuft.no\",\"description\":\"Vi trenger en ruspolitikk som forebygger og beskytter \u2013 ikke normaliserer. Signer oppropet p\u00e5 rusfornuft.no og bli med i mobiliseringen mot normalisering av narkotika.\",\"potentialAction\":[{\"@type\":\"SearchAction\",\"target\":{\"@type\":\"EntryPoint\",\"urlTemplate\":\"https:\/\/www.rusfornuft.no\/?s={search_term_string}\"},\"query-input\":{\"@type\":\"PropertyValueSpecification\",\"valueRequired\":true,\"valueName\":\"search_term_string\"}}],\"inLanguage\":\"nb-NO\"}]}<\/script>\n<!-- \/ Yoast SEO plugin. -->","yoast_head_json":{"title":"Om oss - Rusfornuft.no","robots":{"index":"index","follow":"follow","max-snippet":"max-snippet:-1","max-image-preview":"max-image-preview:large","max-video-preview":"max-video-preview:-1"},"canonical":"https:\/\/www.rusfornuft.no\/?page_id=53","og_locale":"nb_NO","og_type":"article","og_title":"Om oss - Rusfornuft.no","og_description":"Ofte stilte sp\u00f8rsm\u00e5l","og_url":"https:\/\/www.rusfornuft.no\/?page_id=53","og_site_name":"Rusfornuft.no","article_modified_time":"2025-04-29T11:15:50+00:00","twitter_card":"summary_large_image","twitter_misc":{"Ansl. lesetid":"4 minutter"},"schema":{"@context":"https:\/\/schema.org","@graph":[{"@type":"WebPage","@id":"https:\/\/www.rusfornuft.no\/?page_id=53","url":"https:\/\/www.rusfornuft.no\/?page_id=53","name":"Om oss - Rusfornuft.no","isPartOf":{"@id":"https:\/\/www.rusfornuft.no\/#website"},"datePublished":"2025-01-28T15:05:26+00:00","dateModified":"2025-04-29T11:15:50+00:00","breadcrumb":{"@id":"https:\/\/www.rusfornuft.no\/?page_id=53#breadcrumb"},"inLanguage":"nb-NO","potentialAction":[{"@type":"ReadAction","target":["https:\/\/www.rusfornuft.no\/?page_id=53"]}]},{"@type":"BreadcrumbList","@id":"https:\/\/www.rusfornuft.no\/?page_id=53#breadcrumb","itemListElement":[{"@type":"ListItem","position":1,"name":"Hjem","item":"https:\/\/www.rusfornuft.no\/"},{"@type":"ListItem","position":2,"name":"Om oss"}]},{"@type":"WebSite","@id":"https:\/\/www.rusfornuft.no\/#website","url":"https:\/\/www.rusfornuft.no\/","name":"Rusfornuft.no","description":"Vi trenger en ruspolitikk som forebygger og beskytter \u2013 ikke normaliserer. Signer oppropet p\u00e5 rusfornuft.no og bli med i mobiliseringen mot normalisering av narkotika.","potentialAction":[{"@type":"SearchAction","target":{"@type":"EntryPoint","urlTemplate":"https:\/\/www.rusfornuft.no\/?s={search_term_string}"},"query-input":{"@type":"PropertyValueSpecification","valueRequired":true,"valueName":"search_term_string"}}],"inLanguage":"nb-NO"}]}},"_links":{"self":[{"href":"https:\/\/www.rusfornuft.no\/index.php?rest_route=\/wp\/v2\/pages\/53","targetHints":{"allow":["GET"]}}],"collection":[{"href":"https:\/\/www.rusfornuft.no\/index.php?rest_route=\/wp\/v2\/pages"}],"about":[{"href":"https:\/\/www.rusfornuft.no\/index.php?rest_route=\/wp\/v2\/types\/page"}],"author":[{"embeddable":true,"href":"https:\/\/www.rusfornuft.no\/index.php?rest_route=\/wp\/v2\/users\/1"}],"replies":[{"embeddable":true,"href":"https:\/\/www.rusfornuft.no\/index.php?rest_route=%2Fwp%2Fv2%2Fcomments&post=53"}],"version-history":[{"count":5,"href":"https:\/\/www.rusfornuft.no\/index.php?rest_route=\/wp\/v2\/pages\/53\/revisions"}],"predecessor-version":[{"id":888,"href":"https:\/\/www.rusfornuft.no\/index.php?rest_route=\/wp\/v2\/pages\/53\/revisions\/888"}],"wp:attachment":[{"href":"https:\/\/www.rusfornuft.no\/index.php?rest_route=%2Fwp%2Fv2%2Fmedia&parent=53"}],"curies":[{"name":"wp","href":"https:\/\/api.w.org\/{rel}","templated":true}]}}