{"id":540,"date":"2025-03-13T10:10:20","date_gmt":"2025-03-13T10:10:20","guid":{"rendered":"https:\/\/www.rusfornuft.no\/?page_id=540"},"modified":"2025-03-26T14:55:19","modified_gmt":"2025-03-26T14:55:19","slug":"tall-og-fakta-om-rus","status":"publish","type":"page","link":"https:\/\/www.rusfornuft.no\/?page_id=540","title":{"rendered":"Tall og fakta om rus"},"content":{"rendered":"\t<div class=\"wp-block-dekode-page-title\">\n\t\t<div class=\"dekode-page-title__container\">\n\t\t\t\n<div class=\"yoast-breadcrumbs\"><span><span><a href=\"https:\/\/www.rusfornuft.no\/\">Hjem<\/a><\/span> <span class=\"breadcrumb-separator\"><svg xmlns=\"http:\/\/www.w3.org\/2000\/svg\" viewBox=\"0 0 24 24\" height=\"24\" width=\"24\" class=\"t2-icon t2-icon-chevrondown\" aria-hidden=\"true\" focusable=\"false\"><path d=\"M6.9 9.259a1.438 1.438 0 0 1-.147.037c-.139.031-.339.201-.421.359-.084.161-.084.528-.001.685.035.066 1.239 1.293 2.676 2.728 1.882 1.877 2.647 2.616 2.733 2.638.066.016.183.03.26.03.077 0 .194-.014.26-.03.086-.022.851-.761 2.733-2.638 1.437-1.435 2.641-2.662 2.676-2.728.082-.154.083-.524.001-.68a.847.847 0 0 0-.345-.339c-.112-.058-.414-.072-.585-.027-.085.022-.786.696-2.43 2.338L12 13.939l-2.29-2.285c-1.26-1.257-2.326-2.303-2.37-2.325-.092-.045-.38-.091-.44-.07\"\/><\/svg><\/span> <span class=\"breadcrumb_last\" aria-current=\"page\">Tall og fakta om rus<\/span><\/span><\/div>\n\n<h1 class=\"wp-block-post-title\">Tall og fakta om rus<\/h1>\n\n<p class=\"t2-ingress wp-block-t2-ingress\">Her finner du aktuelle unders\u00f8kelser om holdninger til, og bruk av illegale rusmidler i Norge. <\/p>\n\t\t<\/div>\n\t<\/div>\n\t\n\n\t<div class=\"has-2-columns alignwide alignwide wp-block-dekode-link-list\">\n\t\t<div class=\"dekode-link-list__items\">\n\t\t\t\n<a class=\"wp-block-dekode-link-list-item\" href=\"https:\/\/www.fhi.no\/globalassets\/faktabokser\/cann2021-en-studie-om-cannabiserfaringer.pdf\">\t<div class=\"dekode-link-list-item__inner\">\n\t\t<span class=\"dekode-link-list-item__arrow\"><svg xmlns=\"http:\/\/www.w3.org\/2000\/svg\" viewBox=\"0 0 24 24\" height=\"24\" width=\"24\" class=\"t2-icon t2-icon-arrowforward\" aria-hidden=\"true\" focusable=\"false\"><path d=\"M13.9 5.259a1.438 1.438 0 0 1-.147.037c-.139.031-.339.201-.421.359-.084.161-.084.529-.001.685.035.066 1.136 1.191 2.447 2.5l2.382 2.38-7.69.02c-8.244.021-7.756.008-7.984.215-.15.136-.219.308-.219.545 0 .237.069.409.219.545.228.207-.26.194 7.984.215l7.69.02-2.382 2.38c-1.311 1.309-2.412 2.434-2.447 2.5-.077.145-.085.521-.013.66a.849.849 0 0 0 .342.35c.156.082.526.081.68-.001.066-.035 1.51-1.456 3.209-3.156 2.164-2.168 3.107-3.137 3.15-3.242A.892.892 0 0 0 20.76 12a.892.892 0 0 0-.061-.271c-.043-.105-.986-1.074-3.15-3.242-1.699-1.7-3.134-3.116-3.189-3.145-.105-.055-.392-.107-.46-.083\"\/><\/svg><\/span>\n\t\t<div class=\"dekode-link-list-item__content\">\n\t\t\t<h4 class=\"dekode-link-list-item__title\">CANN 2021<\/h4>\n\t\t\t\t\t\t\t<p class=\"dekode-link-list-item__description\">En studie om cannbiserfaringer, kunnskap og holdninger blant elever p\u00e5 videreg\u00e5ende skoler.\u00a0<\/p>\n\t\t\t\t\t<\/div>\n\t<\/div>\n\t<\/a>\n\n<a class=\"wp-block-dekode-link-list-item\" href=\"https:\/\/www.fhi.no\/le\/rusmidler-og-avhengighet\/narkotikainorge\/bruk-av-narkotika\/narkotikabruk-i-norge\/?term=\">\t<div class=\"dekode-link-list-item__inner\">\n\t\t<span class=\"dekode-link-list-item__arrow\"><svg xmlns=\"http:\/\/www.w3.org\/2000\/svg\" viewBox=\"0 0 24 24\" height=\"24\" width=\"24\" class=\"t2-icon t2-icon-arrowforward\" aria-hidden=\"true\" focusable=\"false\"><path d=\"M13.9 5.259a1.438 1.438 0 0 1-.147.037c-.139.031-.339.201-.421.359-.084.161-.084.529-.001.685.035.066 1.136 1.191 2.447 2.5l2.382 2.38-7.69.02c-8.244.021-7.756.008-7.984.215-.15.136-.219.308-.219.545 0 .237.069.409.219.545.228.207-.26.194 7.984.215l7.69.02-2.382 2.38c-1.311 1.309-2.412 2.434-2.447 2.5-.077.145-.085.521-.013.66a.849.849 0 0 0 .342.35c.156.082.526.081.68-.001.066-.035 1.51-1.456 3.209-3.156 2.164-2.168 3.107-3.137 3.15-3.242A.892.892 0 0 0 20.76 12a.892.892 0 0 0-.061-.271c-.043-.105-.986-1.074-3.15-3.242-1.699-1.7-3.134-3.116-3.189-3.145-.105-.055-.392-.107-.46-.083\"\/><\/svg><\/span>\n\t\t<div class=\"dekode-link-list-item__content\">\n\t\t\t<h4 class=\"dekode-link-list-item__title\">Folkehelseinstituttet<\/h4>\n\t\t\t\t\t\t\t<p class=\"dekode-link-list-item__description\">En oversikt over bruk av illegale rusmidler i den norske befolkningen. Artikkelen vektlegger utviklingstrekk og forskjeller mellom befolkningsgrupper.\u00a0<\/p>\n\t\t\t\t\t<\/div>\n\t<\/div>\n\t<\/a>\n\t\t<\/div>\n\t<\/div>\n\t\n\n\t<div class=\"has-2-columns alignwide alignwide wp-block-dekode-link-list\">\n\t\t<div class=\"dekode-link-list__items\">\n\t\t\t\n<a class=\"wp-block-dekode-link-list-item\" href=\"https:\/\/www.ungdata.no\/\">\t<div class=\"dekode-link-list-item__inner\">\n\t\t<span class=\"dekode-link-list-item__arrow\"><svg xmlns=\"http:\/\/www.w3.org\/2000\/svg\" viewBox=\"0 0 24 24\" height=\"24\" width=\"24\" class=\"t2-icon t2-icon-arrowforward\" aria-hidden=\"true\" focusable=\"false\"><path d=\"M13.9 5.259a1.438 1.438 0 0 1-.147.037c-.139.031-.339.201-.421.359-.084.161-.084.529-.001.685.035.066 1.136 1.191 2.447 2.5l2.382 2.38-7.69.02c-8.244.021-7.756.008-7.984.215-.15.136-.219.308-.219.545 0 .237.069.409.219.545.228.207-.26.194 7.984.215l7.69.02-2.382 2.38c-1.311 1.309-2.412 2.434-2.447 2.5-.077.145-.085.521-.013.66a.849.849 0 0 0 .342.35c.156.082.526.081.68-.001.066-.035 1.51-1.456 3.209-3.156 2.164-2.168 3.107-3.137 3.15-3.242A.892.892 0 0 0 20.76 12a.892.892 0 0 0-.061-.271c-.043-.105-.986-1.074-3.15-3.242-1.699-1.7-3.134-3.116-3.189-3.145-.105-.055-.392-.107-.46-.083\"\/><\/svg><\/span>\n\t\t<div class=\"dekode-link-list-item__content\">\n\t\t\t<h4 class=\"dekode-link-list-item__title\">Ungdata<\/h4>\n\t\t\t\t\t\t\t<p class=\"dekode-link-list-item__description\">Ungdata-unders\u00f8kelsen er en nasjonal sp\u00f8rreunders\u00f8kelse som gir et bredt bilde av hvordan ungdom har det, og hvordan de lever livene sine. Unders\u00f8kelsen kartlegger alt fra trivsel, helse og fritidsaktiviteter til bruk av rusmidler og forhold til skole og venner.\u00a0\u00a0<\/p>\n\t\t\t\t\t<\/div>\n\t<\/div>\n\t<\/a>\n\n<a class=\"wp-block-dekode-link-list-item\" href=\"https:\/\/www.blakors.no\/content\/uploads\/sites\/22\/2024\/04\/Rapport_Unge-og-cannabis-1.pdf\">\t<div class=\"dekode-link-list-item__inner\">\n\t\t<span class=\"dekode-link-list-item__arrow\"><svg xmlns=\"http:\/\/www.w3.org\/2000\/svg\" viewBox=\"0 0 24 24\" height=\"24\" width=\"24\" class=\"t2-icon t2-icon-arrowforward\" aria-hidden=\"true\" focusable=\"false\"><path d=\"M13.9 5.259a1.438 1.438 0 0 1-.147.037c-.139.031-.339.201-.421.359-.084.161-.084.529-.001.685.035.066 1.136 1.191 2.447 2.5l2.382 2.38-7.69.02c-8.244.021-7.756.008-7.984.215-.15.136-.219.308-.219.545 0 .237.069.409.219.545.228.207-.26.194 7.984.215l7.69.02-2.382 2.38c-1.311 1.309-2.412 2.434-2.447 2.5-.077.145-.085.521-.013.66a.849.849 0 0 0 .342.35c.156.082.526.081.68-.001.066-.035 1.51-1.456 3.209-3.156 2.164-2.168 3.107-3.137 3.15-3.242A.892.892 0 0 0 20.76 12a.892.892 0 0 0-.061-.271c-.043-.105-.986-1.074-3.15-3.242-1.699-1.7-3.134-3.116-3.189-3.145-.105-.055-.392-.107-.46-.083\"\/><\/svg><\/span>\n\t\t<div class=\"dekode-link-list-item__content\">\n\t\t\t<h4 class=\"dekode-link-list-item__title\">Ungdommers holdninger til illegale rusmidler<\/h4>\n\t\t\t\t\t\t\t<p class=\"dekode-link-list-item__description\">En unders\u00f8kelse, utf\u00f8rt av IPSOS p\u00e5 vegne av Bl\u00e5 Kors som kartlegger unges holdninger til ulovlige rusmidler. Resultatene viser blant annet at 1 av 4 unge mellom 16-19 \u00e5r opplever at kokain er like vanlig p\u00e5 fest som alkohol.\u00a0<\/p>\n\t\t\t\t\t<\/div>\n\t<\/div>\n\t<\/a>\n\t\t<\/div>\n\t<\/div>\n\t\n\n\n<p><\/p>\n","protected":false},"excerpt":{"rendered":"","protected":false},"author":2,"featured_media":0,"parent":0,"menu_order":0,"comment_status":"closed","ping_status":"closed","template":"","meta":{"footnotes":""},"class_list":["post-540","page","type-page","status-publish","hentry"],"yoast_head":"<!-- This site is optimized with the Yoast SEO plugin v23.9 - https:\/\/yoast.com\/wordpress\/plugins\/seo\/ -->\n<title>Tall og fakta om rus - Rusfornuft.no<\/title>\n<meta name=\"robots\" content=\"index, follow, max-snippet:-1, max-image-preview:large, max-video-preview:-1\" \/>\n<link rel=\"canonical\" href=\"https:\/\/www.rusfornuft.no\/?page_id=540\" \/>\n<meta property=\"og:locale\" content=\"nb_NO\" \/>\n<meta property=\"og:type\" content=\"article\" \/>\n<meta property=\"og:title\" content=\"Tall og fakta om rus - Rusfornuft.no\" \/>\n<meta property=\"og:url\" content=\"https:\/\/www.rusfornuft.no\/?page_id=540\" \/>\n<meta property=\"og:site_name\" content=\"Rusfornuft.no\" \/>\n<meta property=\"article:modified_time\" content=\"2025-03-26T14:55:19+00:00\" \/>\n<meta name=\"twitter:card\" content=\"summary_large_image\" \/>\n<script type=\"application\/ld+json\" class=\"yoast-schema-graph\">{\"@context\":\"https:\/\/schema.org\",\"@graph\":[{\"@type\":\"WebPage\",\"@id\":\"https:\/\/www.rusfornuft.no\/?page_id=540\",\"url\":\"https:\/\/www.rusfornuft.no\/?page_id=540\",\"name\":\"Tall og fakta om rus - Rusfornuft.no\",\"isPartOf\":{\"@id\":\"https:\/\/www.rusfornuft.no\/#website\"},\"datePublished\":\"2025-03-13T10:10:20+00:00\",\"dateModified\":\"2025-03-26T14:55:19+00:00\",\"breadcrumb\":{\"@id\":\"https:\/\/www.rusfornuft.no\/?page_id=540#breadcrumb\"},\"inLanguage\":\"nb-NO\",\"potentialAction\":[{\"@type\":\"ReadAction\",\"target\":[\"https:\/\/www.rusfornuft.no\/?page_id=540\"]}]},{\"@type\":\"BreadcrumbList\",\"@id\":\"https:\/\/www.rusfornuft.no\/?page_id=540#breadcrumb\",\"itemListElement\":[{\"@type\":\"ListItem\",\"position\":1,\"name\":\"Hjem\",\"item\":\"https:\/\/www.rusfornuft.no\/\"},{\"@type\":\"ListItem\",\"position\":2,\"name\":\"Tall og fakta om rus\"}]},{\"@type\":\"WebSite\",\"@id\":\"https:\/\/www.rusfornuft.no\/#website\",\"url\":\"https:\/\/www.rusfornuft.no\/\",\"name\":\"Rusfornuft.no\",\"description\":\"Vi trenger en ruspolitikk som forebygger og beskytter \u2013 ikke normaliserer. Signer oppropet p\u00e5 rusfornuft.no og bli med i mobiliseringen mot normalisering av narkotika.\",\"potentialAction\":[{\"@type\":\"SearchAction\",\"target\":{\"@type\":\"EntryPoint\",\"urlTemplate\":\"https:\/\/www.rusfornuft.no\/?s={search_term_string}\"},\"query-input\":{\"@type\":\"PropertyValueSpecification\",\"valueRequired\":true,\"valueName\":\"search_term_string\"}}],\"inLanguage\":\"nb-NO\"}]}<\/script>\n<!-- \/ Yoast SEO plugin. -->","yoast_head_json":{"title":"Tall og fakta om rus - Rusfornuft.no","robots":{"index":"index","follow":"follow","max-snippet":"max-snippet:-1","max-image-preview":"max-image-preview:large","max-video-preview":"max-video-preview:-1"},"canonical":"https:\/\/www.rusfornuft.no\/?page_id=540","og_locale":"nb_NO","og_type":"article","og_title":"Tall og fakta om rus - Rusfornuft.no","og_url":"https:\/\/www.rusfornuft.no\/?page_id=540","og_site_name":"Rusfornuft.no","article_modified_time":"2025-03-26T14:55:19+00:00","twitter_card":"summary_large_image","schema":{"@context":"https:\/\/schema.org","@graph":[{"@type":"WebPage","@id":"https:\/\/www.rusfornuft.no\/?page_id=540","url":"https:\/\/www.rusfornuft.no\/?page_id=540","name":"Tall og fakta om rus - Rusfornuft.no","isPartOf":{"@id":"https:\/\/www.rusfornuft.no\/#website"},"datePublished":"2025-03-13T10:10:20+00:00","dateModified":"2025-03-26T14:55:19+00:00","breadcrumb":{"@id":"https:\/\/www.rusfornuft.no\/?page_id=540#breadcrumb"},"inLanguage":"nb-NO","potentialAction":[{"@type":"ReadAction","target":["https:\/\/www.rusfornuft.no\/?page_id=540"]}]},{"@type":"BreadcrumbList","@id":"https:\/\/www.rusfornuft.no\/?page_id=540#breadcrumb","itemListElement":[{"@type":"ListItem","position":1,"name":"Hjem","item":"https:\/\/www.rusfornuft.no\/"},{"@type":"ListItem","position":2,"name":"Tall og fakta om rus"}]},{"@type":"WebSite","@id":"https:\/\/www.rusfornuft.no\/#website","url":"https:\/\/www.rusfornuft.no\/","name":"Rusfornuft.no","description":"Vi trenger en ruspolitikk som forebygger og beskytter \u2013 ikke normaliserer. Signer oppropet p\u00e5 rusfornuft.no og bli med i mobiliseringen mot normalisering av narkotika.","potentialAction":[{"@type":"SearchAction","target":{"@type":"EntryPoint","urlTemplate":"https:\/\/www.rusfornuft.no\/?s={search_term_string}"},"query-input":{"@type":"PropertyValueSpecification","valueRequired":true,"valueName":"search_term_string"}}],"inLanguage":"nb-NO"}]}},"_links":{"self":[{"href":"https:\/\/www.rusfornuft.no\/index.php?rest_route=\/wp\/v2\/pages\/540","targetHints":{"allow":["GET"]}}],"collection":[{"href":"https:\/\/www.rusfornuft.no\/index.php?rest_route=\/wp\/v2\/pages"}],"about":[{"href":"https:\/\/www.rusfornuft.no\/index.php?rest_route=\/wp\/v2\/types\/page"}],"author":[{"embeddable":true,"href":"https:\/\/www.rusfornuft.no\/index.php?rest_route=\/wp\/v2\/users\/2"}],"replies":[{"embeddable":true,"href":"https:\/\/www.rusfornuft.no\/index.php?rest_route=%2Fwp%2Fv2%2Fcomments&post=540"}],"version-history":[{"count":5,"href":"https:\/\/www.rusfornuft.no\/index.php?rest_route=\/wp\/v2\/pages\/540\/revisions"}],"predecessor-version":[{"id":692,"href":"https:\/\/www.rusfornuft.no\/index.php?rest_route=\/wp\/v2\/pages\/540\/revisions\/692"}],"wp:attachment":[{"href":"https:\/\/www.rusfornuft.no\/index.php?rest_route=%2Fwp%2Fv2%2Fmedia&parent=540"}],"curies":[{"name":"wp","href":"https:\/\/api.w.org\/{rel}","templated":true}]}}